{"id":19938,"date":"2023-11-27T16:32:09","date_gmt":"2023-11-27T15:32:09","guid":{"rendered":"https:\/\/beauxvillages.be\/?post_type=product&#038;p=19938"},"modified":"2026-03-10T15:28:06","modified_gmt":"2026-03-10T14:28:06","slug":"topo-guide-sgr-tomes-i-ii-iii-enlevement-au-siege-social-du-bureau-rue-haute-7-a-5332-crupet-uniquement-sur-rendez-vous-avec-coffret","status":"publish","type":"product","link":"https:\/\/beauxvillages.be\/nl\/produit\/topo-guide-sgr-tomes-i-ii-iii-enlevement-au-siege-social-du-bureau-rue-haute-7-a-5332-crupet-uniquement-sur-rendez-vous-avec-coffret\/","title":{"rendered":"Topo-Guide SGR &#8211; Tomes I-II-III (avec coffret) &#8211; Sans frais de livraison (Retrait au si\u00e8ge social, Rue Haute 7 \u00e0 5332 Crupet) &#8211; FR"},"content":{"rendered":"<p>Fruit d\u2019une collaboration les <em>Plus Beaux Villages de Wallonie<\/em>\u00a0asbl et les <em>Sentiers de Grande Randonn\u00e9e<\/em> asbl, \u00ab<strong>Le <\/strong><strong>Grand Tour des Plus Beaux Villages de Wallonie par\u00a0les<\/strong> <strong>GR<\/strong>\u00bb vous propose une trilogie in\u00e9dite de <strong>3 topo-guides de randonn\u00e9e p\u00e9destre<\/strong>, vous d\u00e9roulant un tapis rouge long de <strong>plus de 1500 km<\/strong> de randonn\u00e9es balis\u00e9es sGR !<\/p>\n<p>&nbsp;<\/p>\n<p><strong>Direction nos 33 Plus Beaux Villages de caract\u00e8re<\/strong> mais aussi les tr\u00e9sors cach\u00e9s de la Wallonie ! Une Wallonie rurale, intime, authentique &#8230; pour une \u00e9vasion \u00e0 port\u00e9e de main &#8230;<\/p>\n<p>Chaque topo-guide reprend les cartes, le descriptif de chaque \u00e9tape, les points d&#8217;int\u00e9r\u00eat dans les Plus Beaux villages ainsi que tout au long du parcours.<\/p>\n<p>Organisez votre exp\u00e9rience \u00e0 votre rythme, par tron\u00e7ons, et, pourquoi pas, de gare en gare (comme le propose un tableau en fin de chaque tome) &#8230;<\/p>\n<p>&nbsp;<\/p>\n<p><img loading=\"lazy\" decoding=\"async\" class=\"alignleft\" src=\"https:\/\/beauxvillages.be\/wp-content\/uploads\/2023\/11\/coffret_boutique-1.jpg\" width=\"285\" height=\"285\" \/><\/p>\n<p>&nbsp;<\/p>\n<p><strong>3 TOMES A LA DECOUVERTE DE NOS PLUS BEAUX VILLAGES<\/strong><\/p>\n<p>&nbsp;<\/p>\n<p>La Wallonie b\u00e9n\u00e9fice d\u2019une grande diversit\u00e9 paysag\u00e8re et les 8 r\u00e9gions agro\u2013g\u00e9ographiques qui la composent d\u00e9montrent toute la vari\u00e9t\u00e9 de nos terroirs, de nos paysages et des \u00e9crins naturels dans lesquels prennent place les <em>Plus Beaux Villages de Wallonie<\/em>.<\/p>\n<p>&nbsp;<\/p>\n<p>&nbsp;<\/p>\n<p>&nbsp;<\/p>\n<p>&nbsp;<\/p>\n<p>Le <strong>Tome 1<\/strong> de ce Grand Tour d\u00e9marre \u00e0 Namur et vous m\u00e8nera jusqu\u2019au Beau Village de Nobressart.<\/p>\n<p>Vous sillonnerez le Condroz, la Fagne-Famenne, l\u2019Ardenne et la Lorraine.<\/p>\n<p>Ce tome reprend les Beaux Villages de : <strong>Mozet \u2013 Thon-Samson \u2013 Crupet \u2013 Celles \u2013 Sohier \u2013 Mirwart \u2013 Our \u2013 Lafor\u00eat \u2013 Gros-Fays \u2013 Chassepierre \u2013 Torgny \u2013 Guirsch \u2013 Nobressart<\/strong>.<\/p>\n<p>&nbsp;<\/p>\n<p>Le <strong>Tome 2 <\/strong>de ce Grand Tour vous m\u00e8nera du Beau Village de Nobressart \u00e0 celui de M\u00e9lin.<\/p>\n<p>Vous sillonnerez la Lorraine, le Condroz, la Fagne-Famenne, le pays de Herve et la Hesbaye.<\/p>\n<p>Ce tome reprend les Beaux Villages de : <strong>Nobressart \u2013 Ny \u2013 W\u00e9ris \u2013 Chardeneux \u2013 My \u2013 Olne \u2013 Soiron \u2013 Limbourg \u2013 Clermont-sur-Berwinne \u2013 Saint-Remy-Geest \u2013 M\u00e9lin.<\/strong><\/p>\n<p>&nbsp;<\/p>\n<p>Le <strong>Tome 3<\/strong> de ce Grand Tour vous m\u00e8nera du Beau Village de M\u00e9lin \u00e0 Namur.<\/p>\n<p>Vous sillonnerez la Hesbaye, les Plateaux limoneux braban\u00e7on et hennuyer, la Fagne-Famenne et le Condroz.<\/p>\n<p>Ce tome reprend les Beaux Villages de : <strong>M\u00e9lin \u2013 Aubechies \u2013 Montignies-sur-Roc \u2013 Ragnies \u2013 Barben\u00e7on \u2013 Lompret \u2013 Vierves-sur-Viroin \u2013 Soulme \u2013 Fala\u00ebn \u2013 Sosoye.<\/strong><\/p>\n<p>&nbsp;<\/p>\n<p><img loading=\"lazy\" decoding=\"async\" class=\"\" src=\"https:\/\/beauxvillages.be\/wp-content\/uploads\/2023\/12\/visu_reseaux_topo-guide-002.jpg\" width=\"522\" height=\"522\" \/><\/p>\n<p>&nbsp;<\/p>\n<p><img loading=\"lazy\" decoding=\"async\" class=\"alignleft\" src=\"https:\/\/beauxvillages.be\/wp-content\/uploads\/2024\/07\/Carte_debut_print-scaled.jpg\" width=\"698\" height=\"580\" \/><\/p>\n<p>&nbsp;<\/p>\n<p>&nbsp;<\/p>\n<p>&nbsp;<\/p>\n<p>&nbsp;<\/p>\n<p>&nbsp;<\/p>\n<p>&nbsp;<\/p>\n<p>&nbsp;<\/p>\n<p>&nbsp;<\/p>\n<p>&nbsp;<\/p>\n<p>&nbsp;<\/p>\n<p>&nbsp;<\/p>\n<p>&nbsp;<\/p>\n<p>&nbsp;<\/p>\n<p>&nbsp;<\/p>\n<p>&nbsp;<\/p>\n<p>Cet article comprend les 3 tomes ainsi qu&#8217;un coffret personnalis\u00e9 offert.<\/p>\n<p>&nbsp;<\/p>\n<p>En compl\u00e9ment de ce superbe ouvrage, les traces GPX sont disponibles ICI<\/p>\n","protected":false},"excerpt":{"rendered":"<p>Trilogie + coffret personnalis\u00e9<\/p>\n","protected":false},"featured_media":20019,"template":"","meta":{"_acf_changed":false},"product_brand":[],"product_cat":[256],"product_tag":[],"class_list":{"0":"post-19938","1":"product","2":"type-product","3":"status-publish","4":"has-post-thumbnail","6":"product_cat-circuits-randos-velo","8":"first","9":"instock","10":"sale","11":"purchasable","12":"product-type-simple"},"acf":[],"yoast_head":"<!-- This site is optimized with the Yoast SEO plugin v27.3 - https:\/\/yoast.com\/product\/yoast-seo-wordpress\/ -->\n<title>Topo-Guide SGR - Tomes I-II-III (avec coffret) - Sans frais de livraison (Retrait au si\u00e8ge social, Rue Haute 7 \u00e0 5332 Crupet) - FR - Plus Beaux Villages de Wallonie<\/title>\n<meta name=\"description\" content=\"Commandez vos topo-guides &quot;Le Grand Tour des Plus Beaux Villages de Wallonie par les Sentiers de Grande Randonn\u00e9e&quot;\" \/>\n<meta name=\"robots\" content=\"index, follow, max-snippet:-1, max-image-preview:large, max-video-preview:-1\" \/>\n<link rel=\"canonical\" href=\"https:\/\/beauxvillages.be\/produit\/topo-guide-sgr-tomes-i-ii-iii-enlevement-au-siege-social-du-bureau-rue-haute-7-a-5332-crupet-uniquement-sur-rendez-vous-avec-coffret\/\" \/>\n<meta property=\"og:locale\" content=\"nl_NL\" \/>\n<meta property=\"og:type\" content=\"article\" \/>\n<meta property=\"og:title\" content=\"Topo-Guide SGR - Tomes I-II-III (avec coffret) - Sans frais de livraison (Retrait au si\u00e8ge social, Rue Haute 7 \u00e0 5332 Crupet) - FR - Plus Beaux Villages de Wallonie\" \/>\n<meta property=\"og:description\" content=\"Commandez vos topo-guides &quot;Le Grand Tour des Plus Beaux Villages de Wallonie par les Sentiers de Grande Randonn\u00e9e&quot;\" \/>\n<meta property=\"og:url\" content=\"https:\/\/beauxvillages.be\/produit\/topo-guide-sgr-tomes-i-ii-iii-enlevement-au-siege-social-du-bureau-rue-haute-7-a-5332-crupet-uniquement-sur-rendez-vous-avec-coffret\/\" \/>\n<meta property=\"og:site_name\" content=\"Plus Beaux Villages de Wallonie\" \/>\n<meta property=\"article:modified_time\" content=\"2026-03-10T14:28:06+00:00\" \/>\n<meta property=\"og:image\" content=\"https:\/\/beauxvillages.be\/wp-content\/uploads\/2023\/12\/COFFRET-FINALE.jpg\" \/>\n\t<meta property=\"og:image:width\" content=\"2362\" \/>\n\t<meta property=\"og:image:height\" content=\"2362\" \/>\n\t<meta property=\"og:image:type\" content=\"image\/jpeg\" \/>\n<meta name=\"twitter:card\" content=\"summary_large_image\" \/>\n<meta name=\"twitter:label1\" content=\"Geschatte leestijd\" \/>\n\t<meta name=\"twitter:data1\" content=\"3 minuten\" \/>\n<script type=\"application\/ld+json\" class=\"yoast-schema-graph\">{\"@context\":\"https:\\\/\\\/schema.org\",\"@graph\":[{\"@type\":\"WebPage\",\"@id\":\"https:\\\/\\\/beauxvillages.be\\\/produit\\\/topo-guide-sgr-tomes-i-ii-iii-enlevement-au-siege-social-du-bureau-rue-haute-7-a-5332-crupet-uniquement-sur-rendez-vous-avec-coffret\\\/\",\"url\":\"https:\\\/\\\/beauxvillages.be\\\/produit\\\/topo-guide-sgr-tomes-i-ii-iii-enlevement-au-siege-social-du-bureau-rue-haute-7-a-5332-crupet-uniquement-sur-rendez-vous-avec-coffret\\\/\",\"name\":\"Topo-Guide SGR - Tomes I-II-III (avec coffret) - Sans frais de livraison (Retrait au si\u00e8ge social, Rue Haute 7 \u00e0 5332 Crupet) - FR - Plus Beaux Villages de Wallonie\",\"isPartOf\":{\"@id\":\"https:\\\/\\\/beauxvillages.be\\\/#website\"},\"primaryImageOfPage\":{\"@id\":\"https:\\\/\\\/beauxvillages.be\\\/produit\\\/topo-guide-sgr-tomes-i-ii-iii-enlevement-au-siege-social-du-bureau-rue-haute-7-a-5332-crupet-uniquement-sur-rendez-vous-avec-coffret\\\/#primaryimage\"},\"image\":{\"@id\":\"https:\\\/\\\/beauxvillages.be\\\/produit\\\/topo-guide-sgr-tomes-i-ii-iii-enlevement-au-siege-social-du-bureau-rue-haute-7-a-5332-crupet-uniquement-sur-rendez-vous-avec-coffret\\\/#primaryimage\"},\"thumbnailUrl\":\"https:\\\/\\\/beauxvillages.be\\\/wp-content\\\/uploads\\\/2023\\\/12\\\/COFFRET-FINALE.jpg\",\"datePublished\":\"2023-11-27T15:32:09+00:00\",\"dateModified\":\"2026-03-10T14:28:06+00:00\",\"description\":\"Commandez vos topo-guides \\\"Le Grand Tour des Plus Beaux Villages de Wallonie par les Sentiers de Grande Randonn\u00e9e\\\"\",\"breadcrumb\":{\"@id\":\"https:\\\/\\\/beauxvillages.be\\\/produit\\\/topo-guide-sgr-tomes-i-ii-iii-enlevement-au-siege-social-du-bureau-rue-haute-7-a-5332-crupet-uniquement-sur-rendez-vous-avec-coffret\\\/#breadcrumb\"},\"inLanguage\":\"nl-NL\",\"potentialAction\":[{\"@type\":\"ReadAction\",\"target\":[\"https:\\\/\\\/beauxvillages.be\\\/produit\\\/topo-guide-sgr-tomes-i-ii-iii-enlevement-au-siege-social-du-bureau-rue-haute-7-a-5332-crupet-uniquement-sur-rendez-vous-avec-coffret\\\/\"]}]},{\"@type\":\"ImageObject\",\"inLanguage\":\"nl-NL\",\"@id\":\"https:\\\/\\\/beauxvillages.be\\\/produit\\\/topo-guide-sgr-tomes-i-ii-iii-enlevement-au-siege-social-du-bureau-rue-haute-7-a-5332-crupet-uniquement-sur-rendez-vous-avec-coffret\\\/#primaryimage\",\"url\":\"https:\\\/\\\/beauxvillages.be\\\/wp-content\\\/uploads\\\/2023\\\/12\\\/COFFRET-FINALE.jpg\",\"contentUrl\":\"https:\\\/\\\/beauxvillages.be\\\/wp-content\\\/uploads\\\/2023\\\/12\\\/COFFRET-FINALE.jpg\",\"width\":2362,\"height\":2362},{\"@type\":\"BreadcrumbList\",\"@id\":\"https:\\\/\\\/beauxvillages.be\\\/produit\\\/topo-guide-sgr-tomes-i-ii-iii-enlevement-au-siege-social-du-bureau-rue-haute-7-a-5332-crupet-uniquement-sur-rendez-vous-avec-coffret\\\/#breadcrumb\",\"itemListElement\":[{\"@type\":\"ListItem\",\"position\":1,\"name\":\"Accueil\",\"item\":\"https:\\\/\\\/beauxvillages.be\\\/\"},{\"@type\":\"ListItem\",\"position\":2,\"name\":\"Winkelen\",\"item\":\"https:\\\/\\\/beauxvillages.be\\\/nl\\\/winkelen\\\/\"},{\"@type\":\"ListItem\",\"position\":3,\"name\":\"Topo-Guide SGR &#8211; Tomes I-II-III (avec coffret) &#8211; Sans frais de livraison (Retrait au si\u00e8ge social, Rue Haute 7 \u00e0 5332 Crupet) &#8211; FR\"}]},{\"@type\":\"WebSite\",\"@id\":\"https:\\\/\\\/beauxvillages.be\\\/#website\",\"url\":\"https:\\\/\\\/beauxvillages.be\\\/\",\"name\":\"Plus Beaux Villages de Wallonie\",\"description\":\"Un site utilisant WordPress\",\"potentialAction\":[{\"@type\":\"SearchAction\",\"target\":{\"@type\":\"EntryPoint\",\"urlTemplate\":\"https:\\\/\\\/beauxvillages.be\\\/?s={search_term_string}\"},\"query-input\":{\"@type\":\"PropertyValueSpecification\",\"valueRequired\":true,\"valueName\":\"search_term_string\"}}],\"inLanguage\":\"nl-NL\"}]}<\/script>\n<!-- \/ Yoast SEO plugin. -->","yoast_head_json":{"title":"Topo-Guide SGR - Tomes I-II-III (avec coffret) - Sans frais de livraison (Retrait au si\u00e8ge social, Rue Haute 7 \u00e0 5332 Crupet) - FR - Plus Beaux Villages de Wallonie","description":"Commandez vos topo-guides \"Le Grand Tour des Plus Beaux Villages de Wallonie par les Sentiers de Grande Randonn\u00e9e\"","robots":{"index":"index","follow":"follow","max-snippet":"max-snippet:-1","max-image-preview":"max-image-preview:large","max-video-preview":"max-video-preview:-1"},"canonical":"https:\/\/beauxvillages.be\/produit\/topo-guide-sgr-tomes-i-ii-iii-enlevement-au-siege-social-du-bureau-rue-haute-7-a-5332-crupet-uniquement-sur-rendez-vous-avec-coffret\/","og_locale":"nl_NL","og_type":"article","og_title":"Topo-Guide SGR - Tomes I-II-III (avec coffret) - Sans frais de livraison (Retrait au si\u00e8ge social, Rue Haute 7 \u00e0 5332 Crupet) - FR - Plus Beaux Villages de Wallonie","og_description":"Commandez vos topo-guides \"Le Grand Tour des Plus Beaux Villages de Wallonie par les Sentiers de Grande Randonn\u00e9e\"","og_url":"https:\/\/beauxvillages.be\/produit\/topo-guide-sgr-tomes-i-ii-iii-enlevement-au-siege-social-du-bureau-rue-haute-7-a-5332-crupet-uniquement-sur-rendez-vous-avec-coffret\/","og_site_name":"Plus Beaux Villages de Wallonie","article_modified_time":"2026-03-10T14:28:06+00:00","og_image":[{"width":2362,"height":2362,"url":"https:\/\/beauxvillages.be\/wp-content\/uploads\/2023\/12\/COFFRET-FINALE.jpg","type":"image\/jpeg"}],"twitter_card":"summary_large_image","twitter_misc":{"Geschatte leestijd":"3 minuten"},"schema":{"@context":"https:\/\/schema.org","@graph":[{"@type":"WebPage","@id":"https:\/\/beauxvillages.be\/produit\/topo-guide-sgr-tomes-i-ii-iii-enlevement-au-siege-social-du-bureau-rue-haute-7-a-5332-crupet-uniquement-sur-rendez-vous-avec-coffret\/","url":"https:\/\/beauxvillages.be\/produit\/topo-guide-sgr-tomes-i-ii-iii-enlevement-au-siege-social-du-bureau-rue-haute-7-a-5332-crupet-uniquement-sur-rendez-vous-avec-coffret\/","name":"Topo-Guide SGR - Tomes I-II-III (avec coffret) - Sans frais de livraison (Retrait au si\u00e8ge social, Rue Haute 7 \u00e0 5332 Crupet) - FR - Plus Beaux Villages de Wallonie","isPartOf":{"@id":"https:\/\/beauxvillages.be\/#website"},"primaryImageOfPage":{"@id":"https:\/\/beauxvillages.be\/produit\/topo-guide-sgr-tomes-i-ii-iii-enlevement-au-siege-social-du-bureau-rue-haute-7-a-5332-crupet-uniquement-sur-rendez-vous-avec-coffret\/#primaryimage"},"image":{"@id":"https:\/\/beauxvillages.be\/produit\/topo-guide-sgr-tomes-i-ii-iii-enlevement-au-siege-social-du-bureau-rue-haute-7-a-5332-crupet-uniquement-sur-rendez-vous-avec-coffret\/#primaryimage"},"thumbnailUrl":"https:\/\/beauxvillages.be\/wp-content\/uploads\/2023\/12\/COFFRET-FINALE.jpg","datePublished":"2023-11-27T15:32:09+00:00","dateModified":"2026-03-10T14:28:06+00:00","description":"Commandez vos topo-guides \"Le Grand Tour des Plus Beaux Villages de Wallonie par les Sentiers de Grande Randonn\u00e9e\"","breadcrumb":{"@id":"https:\/\/beauxvillages.be\/produit\/topo-guide-sgr-tomes-i-ii-iii-enlevement-au-siege-social-du-bureau-rue-haute-7-a-5332-crupet-uniquement-sur-rendez-vous-avec-coffret\/#breadcrumb"},"inLanguage":"nl-NL","potentialAction":[{"@type":"ReadAction","target":["https:\/\/beauxvillages.be\/produit\/topo-guide-sgr-tomes-i-ii-iii-enlevement-au-siege-social-du-bureau-rue-haute-7-a-5332-crupet-uniquement-sur-rendez-vous-avec-coffret\/"]}]},{"@type":"ImageObject","inLanguage":"nl-NL","@id":"https:\/\/beauxvillages.be\/produit\/topo-guide-sgr-tomes-i-ii-iii-enlevement-au-siege-social-du-bureau-rue-haute-7-a-5332-crupet-uniquement-sur-rendez-vous-avec-coffret\/#primaryimage","url":"https:\/\/beauxvillages.be\/wp-content\/uploads\/2023\/12\/COFFRET-FINALE.jpg","contentUrl":"https:\/\/beauxvillages.be\/wp-content\/uploads\/2023\/12\/COFFRET-FINALE.jpg","width":2362,"height":2362},{"@type":"BreadcrumbList","@id":"https:\/\/beauxvillages.be\/produit\/topo-guide-sgr-tomes-i-ii-iii-enlevement-au-siege-social-du-bureau-rue-haute-7-a-5332-crupet-uniquement-sur-rendez-vous-avec-coffret\/#breadcrumb","itemListElement":[{"@type":"ListItem","position":1,"name":"Accueil","item":"https:\/\/beauxvillages.be\/"},{"@type":"ListItem","position":2,"name":"Winkelen","item":"https:\/\/beauxvillages.be\/nl\/winkelen\/"},{"@type":"ListItem","position":3,"name":"Topo-Guide SGR &#8211; Tomes I-II-III (avec coffret) &#8211; Sans frais de livraison (Retrait au si\u00e8ge social, Rue Haute 7 \u00e0 5332 Crupet) &#8211; FR"}]},{"@type":"WebSite","@id":"https:\/\/beauxvillages.be\/#website","url":"https:\/\/beauxvillages.be\/","name":"Plus Beaux Villages de Wallonie","description":"Un site utilisant WordPress","potentialAction":[{"@type":"SearchAction","target":{"@type":"EntryPoint","urlTemplate":"https:\/\/beauxvillages.be\/?s={search_term_string}"},"query-input":{"@type":"PropertyValueSpecification","valueRequired":true,"valueName":"search_term_string"}}],"inLanguage":"nl-NL"}]}},"_links":{"self":[{"href":"https:\/\/beauxvillages.be\/nl\/wp-json\/wp\/v2\/product\/19938","targetHints":{"allow":["GET"]}}],"collection":[{"href":"https:\/\/beauxvillages.be\/nl\/wp-json\/wp\/v2\/product"}],"about":[{"href":"https:\/\/beauxvillages.be\/nl\/wp-json\/wp\/v2\/types\/product"}],"wp:featuredmedia":[{"embeddable":true,"href":"https:\/\/beauxvillages.be\/nl\/wp-json\/wp\/v2\/media\/20019"}],"wp:attachment":[{"href":"https:\/\/beauxvillages.be\/nl\/wp-json\/wp\/v2\/media?parent=19938"}],"wp:term":[{"taxonomy":"product_brand","embeddable":true,"href":"https:\/\/beauxvillages.be\/nl\/wp-json\/wp\/v2\/product_brand?post=19938"},{"taxonomy":"product_cat","embeddable":true,"href":"https:\/\/beauxvillages.be\/nl\/wp-json\/wp\/v2\/product_cat?post=19938"},{"taxonomy":"product_tag","embeddable":true,"href":"https:\/\/beauxvillages.be\/nl\/wp-json\/wp\/v2\/product_tag?post=19938"}],"curies":[{"name":"wp","href":"https:\/\/api.w.org\/{rel}","templated":true}]}}