{"id":19923,"date":"2023-11-24T15:27:21","date_gmt":"2023-11-24T14:27:21","guid":{"rendered":"https:\/\/beauxvillages.be\/?post_type=product&#038;p=19923"},"modified":"2026-03-10T15:28:52","modified_gmt":"2026-03-10T14:28:52","slug":"topo-guide-sgr-tome-i-de-namur-a-nobressart","status":"publish","type":"product","link":"https:\/\/beauxvillages.be\/nl\/produit\/topo-guide-sgr-tome-i-de-namur-a-nobressart\/","title":{"rendered":"Topo-Guide SGR &#8211; Tome I &#8211; De Namur \u00e0 Nobressart &#8211; FR"},"content":{"rendered":"<p>Fruit d\u2019une collaboration les <em>Plus Beaux Villages de Wallonie<\/em>\u00a0asbl et les <em>Sentiers de Grande Randonn\u00e9e<\/em> asbl, \u00ab<strong>Le <\/strong><strong>Grand Tour des Plus Beaux Villages de Wallonie par\u00a0les<\/strong> <strong>GR<\/strong>\u00bb vous propose une trilogie in\u00e9dite de <strong>3 topo-guides de randonn\u00e9e p\u00e9destre<\/strong>, vous d\u00e9roulant un tapis rouge long de <strong>plus de 1500 km<\/strong> de randonn\u00e9es balis\u00e9es sGR !<\/p>\n<p>&nbsp;<\/p>\n<p><strong>Direction nos 33 Plus Beaux Villages de caract\u00e8re<\/strong> mais aussi les tr\u00e9sors cach\u00e9s de la Wallonie ! Une Wallonie rurale, intime, authentique &#8230; pour une \u00e9vasion \u00e0 port\u00e9e de main &#8230;<\/p>\n<p>Chaque topo-guide reprend les cartes, le descriptif de chaque \u00e9tape, les points d&#8217;int\u00e9r\u00eat dans les Plus Beaux villages ainsi que tout au long du parcours.<\/p>\n<p>Organisez votre exp\u00e9rience \u00e0 votre rythme, par tron\u00e7ons, et, pourquoi pas, de gare en gare (comme le propose un tableau en fin de chaque tome) &#8230;<\/p>\n<p>&nbsp;<\/p>\n<p><img loading=\"lazy\" decoding=\"async\" class=\"alignleft\" src=\"https:\/\/beauxvillages.be\/wp-content\/uploads\/2023\/11\/coffret_boutique-TOME_I-1.jpg\" width=\"384\" height=\"384\" \/><\/p>\n<p>&nbsp;<\/p>\n<p><strong>3 TOMES A LA DECOUVERTE DE NOS PLUS BEAUX VILLAGES<\/strong><\/p>\n<p>&nbsp;<\/p>\n<p>La Wallonie b\u00e9n\u00e9fice d\u2019une grande diversit\u00e9 paysag\u00e8re et les 8 r\u00e9gions agro\u2013g\u00e9ographiques qui la composent d\u00e9montrent toute la vari\u00e9t\u00e9 de nos terroirs, de nos paysages et des \u00e9crins naturels dans lesquels prennent place les <em>Plus Beaux Villages de Wallonie<\/em>.<\/p>\n<p>&nbsp;<\/p>\n<p><strong>Le Tome 1 de ce Grand Tour d\u00e9marre \u00e0 Namur et vous m\u00e8nera jusqu\u2019au Beau Village de Nobressart.<\/strong><\/p>\n<p><strong>Vous sillonnerez le Condroz, la Fagne-Famenne, l\u2019Ardenne et la Lorraine.<\/strong><\/p>\n<p>&nbsp;<\/p>\n<p>Ce tome reprend les Beaux Villages de : <strong>Mozet \u2013 Thon-Samson \u2013 Crupet \u2013 Celles \u2013 Sohier \u2013 Mirwart \u2013 Our \u2013 Lafor\u00eat \u2013 Gros-Fays \u2013 Chassepierre \u2013 Torgny \u2013 Guirsch \u2013 Nobressart.<\/strong><\/p>\n<p>&nbsp;<\/p>\n<p><img loading=\"lazy\" decoding=\"async\" class=\"aligncenter\" src=\"https:\/\/beauxvillages.be\/wp-content\/uploads\/2023\/11\/visu_topo-guide-002.jpg\" width=\"699\" height=\"699\" \/><\/p>\n<p>&nbsp;<\/p>\n<p><img loading=\"lazy\" decoding=\"async\" class=\"aligncenter\" src=\"https:\/\/beauxvillages.be\/wp-content\/uploads\/2024\/07\/Carte_debut_print-scaled.jpg\" width=\"698\" height=\"580\" \/><\/p>\n<p>En compl\u00e9ment de ce superbe ouvrage, les traces GPX sont disponibles ICI<\/p>\n","protected":false},"excerpt":{"rendered":"<p>Fruit d\u2019une collaboration les Plus Beaux Villages de Wallonie\u00a0asbl et les Sentiers de Grande Randonn\u00e9e asbl, \u00abLe Grand Tour des Plus Beaux Villages de Wallonie par\u00a0les GR\u00bb vous propose une trilogie in\u00e9dite de 3 topo-guides de randonn\u00e9e p\u00e9destre, vous d\u00e9roulant un tapis rouge long de plus de 1500 km de randonn\u00e9es balis\u00e9es sGR ! &nbsp; [&hellip;]<\/p>\n","protected":false},"featured_media":19912,"template":"","meta":{"_acf_changed":false},"product_brand":[],"product_cat":[256],"product_tag":[],"class_list":{"0":"post-19923","1":"product","2":"type-product","3":"status-publish","4":"has-post-thumbnail","6":"product_cat-circuits-randos-velo","8":"first","9":"instock","10":"sale","11":"purchasable","12":"product-type-simple"},"acf":[],"yoast_head":"<!-- This site is optimized with the Yoast SEO plugin v27.3 - https:\/\/yoast.com\/product\/yoast-seo-wordpress\/ -->\n<title>Topo-Guide SGR - Tome I - De Namur \u00e0 Nobressart - FR - Plus Beaux Villages de Wallonie<\/title>\n<meta name=\"description\" content=\"Commandez vos topo-guides &quot;Le Grand Tour des Plus Beaux Villages de Wallonie par les Sentiers de Grande Randonn\u00e9e&quot;\" \/>\n<meta name=\"robots\" content=\"index, follow, max-snippet:-1, max-image-preview:large, max-video-preview:-1\" \/>\n<link rel=\"canonical\" href=\"https:\/\/beauxvillages.be\/produit\/topo-guide-sgr-tome-i-de-namur-a-nobressart\/\" \/>\n<meta property=\"og:locale\" content=\"nl_NL\" \/>\n<meta property=\"og:type\" content=\"article\" \/>\n<meta property=\"og:title\" content=\"Topo-Guide SGR - Tome I - De Namur \u00e0 Nobressart - FR - Plus Beaux Villages de Wallonie\" \/>\n<meta property=\"og:description\" content=\"Commandez vos topo-guides &quot;Le Grand Tour des Plus Beaux Villages de Wallonie par les Sentiers de Grande Randonn\u00e9e&quot;\" \/>\n<meta property=\"og:url\" content=\"https:\/\/beauxvillages.be\/produit\/topo-guide-sgr-tome-i-de-namur-a-nobressart\/\" \/>\n<meta property=\"og:site_name\" content=\"Plus Beaux Villages de Wallonie\" \/>\n<meta property=\"article:modified_time\" content=\"2026-03-10T14:28:52+00:00\" \/>\n<meta property=\"og:image\" content=\"https:\/\/beauxvillages.be\/wp-content\/uploads\/2023\/11\/coffret_boutique-TOME_I-1.jpg\" \/>\n\t<meta property=\"og:image:width\" content=\"591\" \/>\n\t<meta property=\"og:image:height\" content=\"591\" \/>\n\t<meta property=\"og:image:type\" content=\"image\/jpeg\" \/>\n<meta name=\"twitter:card\" content=\"summary_large_image\" \/>\n<meta name=\"twitter:label1\" content=\"Geschatte leestijd\" \/>\n\t<meta name=\"twitter:data1\" content=\"3 minuten\" \/>\n<script type=\"application\/ld+json\" class=\"yoast-schema-graph\">{\"@context\":\"https:\\\/\\\/schema.org\",\"@graph\":[{\"@type\":\"WebPage\",\"@id\":\"https:\\\/\\\/beauxvillages.be\\\/produit\\\/topo-guide-sgr-tome-i-de-namur-a-nobressart\\\/\",\"url\":\"https:\\\/\\\/beauxvillages.be\\\/produit\\\/topo-guide-sgr-tome-i-de-namur-a-nobressart\\\/\",\"name\":\"Topo-Guide SGR - Tome I - De Namur \u00e0 Nobressart - FR - Plus Beaux Villages de Wallonie\",\"isPartOf\":{\"@id\":\"https:\\\/\\\/beauxvillages.be\\\/#website\"},\"primaryImageOfPage\":{\"@id\":\"https:\\\/\\\/beauxvillages.be\\\/produit\\\/topo-guide-sgr-tome-i-de-namur-a-nobressart\\\/#primaryimage\"},\"image\":{\"@id\":\"https:\\\/\\\/beauxvillages.be\\\/produit\\\/topo-guide-sgr-tome-i-de-namur-a-nobressart\\\/#primaryimage\"},\"thumbnailUrl\":\"https:\\\/\\\/beauxvillages.be\\\/wp-content\\\/uploads\\\/2023\\\/11\\\/coffret_boutique-TOME_I-1.jpg\",\"datePublished\":\"2023-11-24T14:27:21+00:00\",\"dateModified\":\"2026-03-10T14:28:52+00:00\",\"description\":\"Commandez vos topo-guides \\\"Le Grand Tour des Plus Beaux Villages de Wallonie par les Sentiers de Grande Randonn\u00e9e\\\"\",\"breadcrumb\":{\"@id\":\"https:\\\/\\\/beauxvillages.be\\\/produit\\\/topo-guide-sgr-tome-i-de-namur-a-nobressart\\\/#breadcrumb\"},\"inLanguage\":\"nl-NL\",\"potentialAction\":[{\"@type\":\"ReadAction\",\"target\":[\"https:\\\/\\\/beauxvillages.be\\\/produit\\\/topo-guide-sgr-tome-i-de-namur-a-nobressart\\\/\"]}]},{\"@type\":\"ImageObject\",\"inLanguage\":\"nl-NL\",\"@id\":\"https:\\\/\\\/beauxvillages.be\\\/produit\\\/topo-guide-sgr-tome-i-de-namur-a-nobressart\\\/#primaryimage\",\"url\":\"https:\\\/\\\/beauxvillages.be\\\/wp-content\\\/uploads\\\/2023\\\/11\\\/coffret_boutique-TOME_I-1.jpg\",\"contentUrl\":\"https:\\\/\\\/beauxvillages.be\\\/wp-content\\\/uploads\\\/2023\\\/11\\\/coffret_boutique-TOME_I-1.jpg\",\"width\":591,\"height\":591},{\"@type\":\"BreadcrumbList\",\"@id\":\"https:\\\/\\\/beauxvillages.be\\\/produit\\\/topo-guide-sgr-tome-i-de-namur-a-nobressart\\\/#breadcrumb\",\"itemListElement\":[{\"@type\":\"ListItem\",\"position\":1,\"name\":\"Accueil\",\"item\":\"https:\\\/\\\/beauxvillages.be\\\/\"},{\"@type\":\"ListItem\",\"position\":2,\"name\":\"Winkelen\",\"item\":\"https:\\\/\\\/beauxvillages.be\\\/nl\\\/winkelen\\\/\"},{\"@type\":\"ListItem\",\"position\":3,\"name\":\"Topo-Guide SGR &#8211; Tome I &#8211; De Namur \u00e0 Nobressart &#8211; FR\"}]},{\"@type\":\"WebSite\",\"@id\":\"https:\\\/\\\/beauxvillages.be\\\/#website\",\"url\":\"https:\\\/\\\/beauxvillages.be\\\/\",\"name\":\"Plus Beaux Villages de Wallonie\",\"description\":\"Un site utilisant WordPress\",\"potentialAction\":[{\"@type\":\"SearchAction\",\"target\":{\"@type\":\"EntryPoint\",\"urlTemplate\":\"https:\\\/\\\/beauxvillages.be\\\/?s={search_term_string}\"},\"query-input\":{\"@type\":\"PropertyValueSpecification\",\"valueRequired\":true,\"valueName\":\"search_term_string\"}}],\"inLanguage\":\"nl-NL\"}]}<\/script>\n<!-- \/ Yoast SEO plugin. -->","yoast_head_json":{"title":"Topo-Guide SGR - Tome I - De Namur \u00e0 Nobressart - FR - Plus Beaux Villages de Wallonie","description":"Commandez vos topo-guides \"Le Grand Tour des Plus Beaux Villages de Wallonie par les Sentiers de Grande Randonn\u00e9e\"","robots":{"index":"index","follow":"follow","max-snippet":"max-snippet:-1","max-image-preview":"max-image-preview:large","max-video-preview":"max-video-preview:-1"},"canonical":"https:\/\/beauxvillages.be\/produit\/topo-guide-sgr-tome-i-de-namur-a-nobressart\/","og_locale":"nl_NL","og_type":"article","og_title":"Topo-Guide SGR - Tome I - De Namur \u00e0 Nobressart - FR - Plus Beaux Villages de Wallonie","og_description":"Commandez vos topo-guides \"Le Grand Tour des Plus Beaux Villages de Wallonie par les Sentiers de Grande Randonn\u00e9e\"","og_url":"https:\/\/beauxvillages.be\/produit\/topo-guide-sgr-tome-i-de-namur-a-nobressart\/","og_site_name":"Plus Beaux Villages de Wallonie","article_modified_time":"2026-03-10T14:28:52+00:00","og_image":[{"width":591,"height":591,"url":"https:\/\/beauxvillages.be\/wp-content\/uploads\/2023\/11\/coffret_boutique-TOME_I-1.jpg","type":"image\/jpeg"}],"twitter_card":"summary_large_image","twitter_misc":{"Geschatte leestijd":"3 minuten"},"schema":{"@context":"https:\/\/schema.org","@graph":[{"@type":"WebPage","@id":"https:\/\/beauxvillages.be\/produit\/topo-guide-sgr-tome-i-de-namur-a-nobressart\/","url":"https:\/\/beauxvillages.be\/produit\/topo-guide-sgr-tome-i-de-namur-a-nobressart\/","name":"Topo-Guide SGR - Tome I - De Namur \u00e0 Nobressart - FR - Plus Beaux Villages de Wallonie","isPartOf":{"@id":"https:\/\/beauxvillages.be\/#website"},"primaryImageOfPage":{"@id":"https:\/\/beauxvillages.be\/produit\/topo-guide-sgr-tome-i-de-namur-a-nobressart\/#primaryimage"},"image":{"@id":"https:\/\/beauxvillages.be\/produit\/topo-guide-sgr-tome-i-de-namur-a-nobressart\/#primaryimage"},"thumbnailUrl":"https:\/\/beauxvillages.be\/wp-content\/uploads\/2023\/11\/coffret_boutique-TOME_I-1.jpg","datePublished":"2023-11-24T14:27:21+00:00","dateModified":"2026-03-10T14:28:52+00:00","description":"Commandez vos topo-guides \"Le Grand Tour des Plus Beaux Villages de Wallonie par les Sentiers de Grande Randonn\u00e9e\"","breadcrumb":{"@id":"https:\/\/beauxvillages.be\/produit\/topo-guide-sgr-tome-i-de-namur-a-nobressart\/#breadcrumb"},"inLanguage":"nl-NL","potentialAction":[{"@type":"ReadAction","target":["https:\/\/beauxvillages.be\/produit\/topo-guide-sgr-tome-i-de-namur-a-nobressart\/"]}]},{"@type":"ImageObject","inLanguage":"nl-NL","@id":"https:\/\/beauxvillages.be\/produit\/topo-guide-sgr-tome-i-de-namur-a-nobressart\/#primaryimage","url":"https:\/\/beauxvillages.be\/wp-content\/uploads\/2023\/11\/coffret_boutique-TOME_I-1.jpg","contentUrl":"https:\/\/beauxvillages.be\/wp-content\/uploads\/2023\/11\/coffret_boutique-TOME_I-1.jpg","width":591,"height":591},{"@type":"BreadcrumbList","@id":"https:\/\/beauxvillages.be\/produit\/topo-guide-sgr-tome-i-de-namur-a-nobressart\/#breadcrumb","itemListElement":[{"@type":"ListItem","position":1,"name":"Accueil","item":"https:\/\/beauxvillages.be\/"},{"@type":"ListItem","position":2,"name":"Winkelen","item":"https:\/\/beauxvillages.be\/nl\/winkelen\/"},{"@type":"ListItem","position":3,"name":"Topo-Guide SGR &#8211; Tome I &#8211; De Namur \u00e0 Nobressart &#8211; FR"}]},{"@type":"WebSite","@id":"https:\/\/beauxvillages.be\/#website","url":"https:\/\/beauxvillages.be\/","name":"Plus Beaux Villages de Wallonie","description":"Un site utilisant WordPress","potentialAction":[{"@type":"SearchAction","target":{"@type":"EntryPoint","urlTemplate":"https:\/\/beauxvillages.be\/?s={search_term_string}"},"query-input":{"@type":"PropertyValueSpecification","valueRequired":true,"valueName":"search_term_string"}}],"inLanguage":"nl-NL"}]}},"_links":{"self":[{"href":"https:\/\/beauxvillages.be\/nl\/wp-json\/wp\/v2\/product\/19923","targetHints":{"allow":["GET"]}}],"collection":[{"href":"https:\/\/beauxvillages.be\/nl\/wp-json\/wp\/v2\/product"}],"about":[{"href":"https:\/\/beauxvillages.be\/nl\/wp-json\/wp\/v2\/types\/product"}],"wp:featuredmedia":[{"embeddable":true,"href":"https:\/\/beauxvillages.be\/nl\/wp-json\/wp\/v2\/media\/19912"}],"wp:attachment":[{"href":"https:\/\/beauxvillages.be\/nl\/wp-json\/wp\/v2\/media?parent=19923"}],"wp:term":[{"taxonomy":"product_brand","embeddable":true,"href":"https:\/\/beauxvillages.be\/nl\/wp-json\/wp\/v2\/product_brand?post=19923"},{"taxonomy":"product_cat","embeddable":true,"href":"https:\/\/beauxvillages.be\/nl\/wp-json\/wp\/v2\/product_cat?post=19923"},{"taxonomy":"product_tag","embeddable":true,"href":"https:\/\/beauxvillages.be\/nl\/wp-json\/wp\/v2\/product_tag?post=19923"}],"curies":[{"name":"wp","href":"https:\/\/api.w.org\/{rel}","templated":true}]}}