{"id":12954,"date":"2021-11-22T15:19:29","date_gmt":"2022-05-19T07:52:31","guid":{"rendered":"https:\/\/beauxvillages.be\/?post_type=product&#038;p=12954"},"modified":"2023-06-09T14:18:02","modified_gmt":"2023-06-09T12:18:02","slug":"brochure-authenticiteit-in-de-mooiste-dorpen","status":"publish","type":"product","link":"https:\/\/beauxvillages.be\/nl\/produit\/brochure-authenticiteit-in-de-mooiste-dorpen\/","title":{"rendered":"Brochure Authenticiteit in de Mooiste Dorpen  FR-NL"},"content":{"rendered":"<p>Onze publicaties kunnen gratis van deze site worden gedownload en zijn ook op papier verkrijgbaar.<\/p>\n<p>&nbsp;<\/p>\n<p>Om een digitale kopie te verkrijgen :<br \/>\n&gt; klik op het kaartje van de brochure om het PDF-bestand te downloaden.<\/p>\n<p>&nbsp;<\/p>\n<p>Om een papieren kopie te krijgen:<br \/>\n&gt; klik op de &#8220;Toevoegen aan winkelwagen&#8221; knop,<\/p>\n<p>&gt; voer uw contactgegevens in.<\/p>\n<hr \/>\n<p><a href=\"https:\/\/beauxvillages.be\/wp-content\/uploads\/2023\/06\/LPBVW-GUIDE2023-V1.pdf\" target=\"_blank\" rel=\"noopener\"><img loading=\"lazy\" decoding=\"async\" class=\"aligncenter wp-image-13605 size-medium\" src=\"https:\/\/beauxvillages.be\/wp-content\/uploads\/2021\/11\/cover_brochre_auth_site-web-300x300.jpg\" alt=\"\" width=\"300\" height=\"300\" srcset=\"https:\/\/beauxvillages.be\/wp-content\/uploads\/2021\/11\/cover_brochre_auth_site-web-300x300.jpg 300w, https:\/\/beauxvillages.be\/wp-content\/uploads\/2021\/11\/cover_brochre_auth_site-web-1024x1024.jpg 1024w, https:\/\/beauxvillages.be\/wp-content\/uploads\/2021\/11\/cover_brochre_auth_site-web-150x150.jpg 150w, https:\/\/beauxvillages.be\/wp-content\/uploads\/2021\/11\/cover_brochre_auth_site-web-768x768.jpg 768w, https:\/\/beauxvillages.be\/wp-content\/uploads\/2021\/11\/cover_brochre_auth_site-web-1536x1536.jpg 1536w, https:\/\/beauxvillages.be\/wp-content\/uploads\/2021\/11\/cover_brochre_auth_site-web-200x200.jpg 200w, https:\/\/beauxvillages.be\/wp-content\/uploads\/2021\/11\/cover_brochre_auth_site-web-400x400.jpg 400w, https:\/\/beauxvillages.be\/wp-content\/uploads\/2021\/11\/cover_brochre_auth_site-web.jpg 1575w\" sizes=\"auto, (max-width: 300px) 100vw, 300px\" \/><\/a><\/p>\n","protected":false},"excerpt":{"rendered":"<p>Ontdekken, ademen, genieten, &#8230; gewoon ontspannen en een beetje rondwandelen &#8230;<\/p>\n<p>&#8230; In en rond onze \u00e9\u00e9nendertig &#8220;Mooiste Dorpen van Walloni\u00eb&#8221; \u2026<\/p>\n<p>Dit is het voorstel en de directe aanleiding voor deze nieuwe gids!<\/p>\n<p>Het biedt je de wandelingen en niet te missen bezienswaardigheden in het hart van onze karaktervolle dorpen, vergezeld van nieuwe inspirerende vergezichten.<\/p>\n","protected":false},"featured_media":21650,"template":"","meta":{"_acf_changed":false},"product_brand":[],"product_cat":[227],"product_tag":[],"class_list":{"0":"post-12954","1":"product","2":"type-product","3":"status-publish","4":"has-post-thumbnail","6":"product_cat-brochures-nl","8":"first","9":"outofstock","10":"purchasable","11":"product-type-simple"},"acf":[],"yoast_head":"<!-- This site is optimized with the Yoast SEO plugin v27.3 - https:\/\/yoast.com\/product\/yoast-seo-wordpress\/ -->\n<title>Brochure Authenticiteit in de Mooiste Dorpen FR-NL<\/title>\n<meta name=\"description\" content=\"Wilt u uw bezoeken aan onze mooie dorpen voorbereiden? Ontdek al onze publicaties in PDF- of papierformaat.\" \/>\n<meta name=\"robots\" content=\"index, follow, max-snippet:-1, max-image-preview:large, max-video-preview:-1\" \/>\n<link rel=\"canonical\" href=\"https:\/\/beauxvillages.be\/nl\/produit\/brochure-authenticiteit-in-de-mooiste-dorpen\/\" \/>\n<meta property=\"og:locale\" content=\"nl_NL\" \/>\n<meta property=\"og:type\" content=\"article\" \/>\n<meta property=\"og:title\" content=\"Brochure Authenticiteit in de Mooiste Dorpen FR-NL\" \/>\n<meta property=\"og:description\" content=\"Wilt u uw bezoeken aan onze mooie dorpen voorbereiden? Ontdek al onze publicaties in PDF- of papierformaat.\" \/>\n<meta property=\"og:url\" content=\"https:\/\/beauxvillages.be\/nl\/produit\/brochure-authenticiteit-in-de-mooiste-dorpen\/\" \/>\n<meta property=\"og:site_name\" content=\"Plus Beaux Villages de Wallonie\" \/>\n<meta property=\"article:modified_time\" content=\"2023-06-09T12:18:02+00:00\" \/>\n<meta property=\"og:image\" content=\"https:\/\/beauxvillages.be\/wp-content\/uploads\/2021\/11\/cover_brochre_auth_site-web.jpg\" \/>\n\t<meta property=\"og:image:width\" content=\"1575\" \/>\n\t<meta property=\"og:image:height\" content=\"1575\" \/>\n\t<meta property=\"og:image:type\" content=\"image\/jpeg\" \/>\n<meta name=\"twitter:card\" content=\"summary_large_image\" \/>\n<meta name=\"twitter:label1\" content=\"Geschatte leestijd\" \/>\n\t<meta name=\"twitter:data1\" content=\"1 minuut\" \/>\n<script type=\"application\/ld+json\" class=\"yoast-schema-graph\">{\"@context\":\"https:\\\/\\\/schema.org\",\"@graph\":[{\"@type\":\"WebPage\",\"@id\":\"https:\\\/\\\/beauxvillages.be\\\/nl\\\/produit\\\/brochure-authenticiteit-in-de-mooiste-dorpen\\\/\",\"url\":\"https:\\\/\\\/beauxvillages.be\\\/nl\\\/produit\\\/brochure-authenticiteit-in-de-mooiste-dorpen\\\/\",\"name\":\"Brochure Authenticiteit in de Mooiste Dorpen FR-NL\",\"isPartOf\":{\"@id\":\"https:\\\/\\\/beauxvillages.be\\\/#website\"},\"primaryImageOfPage\":{\"@id\":\"https:\\\/\\\/beauxvillages.be\\\/nl\\\/produit\\\/brochure-authenticiteit-in-de-mooiste-dorpen\\\/#primaryimage\"},\"image\":{\"@id\":\"https:\\\/\\\/beauxvillages.be\\\/nl\\\/produit\\\/brochure-authenticiteit-in-de-mooiste-dorpen\\\/#primaryimage\"},\"thumbnailUrl\":\"https:\\\/\\\/beauxvillages.be\\\/wp-content\\\/uploads\\\/2021\\\/11\\\/C1-BR-petit-format-1-e1722239496718.png\",\"datePublished\":\"2022-05-19T07:52:31+00:00\",\"dateModified\":\"2023-06-09T12:18:02+00:00\",\"description\":\"Wilt u uw bezoeken aan onze mooie dorpen voorbereiden? Ontdek al onze publicaties in PDF- of papierformaat.\",\"breadcrumb\":{\"@id\":\"https:\\\/\\\/beauxvillages.be\\\/nl\\\/produit\\\/brochure-authenticiteit-in-de-mooiste-dorpen\\\/#breadcrumb\"},\"inLanguage\":\"nl-NL\",\"potentialAction\":[{\"@type\":\"ReadAction\",\"target\":[\"https:\\\/\\\/beauxvillages.be\\\/nl\\\/produit\\\/brochure-authenticiteit-in-de-mooiste-dorpen\\\/\"]}]},{\"@type\":\"ImageObject\",\"inLanguage\":\"nl-NL\",\"@id\":\"https:\\\/\\\/beauxvillages.be\\\/nl\\\/produit\\\/brochure-authenticiteit-in-de-mooiste-dorpen\\\/#primaryimage\",\"url\":\"https:\\\/\\\/beauxvillages.be\\\/wp-content\\\/uploads\\\/2021\\\/11\\\/C1-BR-petit-format-1-e1722239496718.png\",\"contentUrl\":\"https:\\\/\\\/beauxvillages.be\\\/wp-content\\\/uploads\\\/2021\\\/11\\\/C1-BR-petit-format-1-e1722239496718.png\",\"width\":945,\"height\":666},{\"@type\":\"BreadcrumbList\",\"@id\":\"https:\\\/\\\/beauxvillages.be\\\/nl\\\/produit\\\/brochure-authenticiteit-in-de-mooiste-dorpen\\\/#breadcrumb\",\"itemListElement\":[{\"@type\":\"ListItem\",\"position\":1,\"name\":\"Accueil\",\"item\":\"https:\\\/\\\/beauxvillages.be\\\/\"},{\"@type\":\"ListItem\",\"position\":2,\"name\":\"Winkelen\",\"item\":\"https:\\\/\\\/beauxvillages.be\\\/nl\\\/winkelen\\\/\"},{\"@type\":\"ListItem\",\"position\":3,\"name\":\"Brochure Authenticiteit in de Mooiste Dorpen FR-NL\"}]},{\"@type\":\"WebSite\",\"@id\":\"https:\\\/\\\/beauxvillages.be\\\/#website\",\"url\":\"https:\\\/\\\/beauxvillages.be\\\/\",\"name\":\"Plus Beaux Villages de Wallonie\",\"description\":\"Un site utilisant WordPress\",\"potentialAction\":[{\"@type\":\"SearchAction\",\"target\":{\"@type\":\"EntryPoint\",\"urlTemplate\":\"https:\\\/\\\/beauxvillages.be\\\/?s={search_term_string}\"},\"query-input\":{\"@type\":\"PropertyValueSpecification\",\"valueRequired\":true,\"valueName\":\"search_term_string\"}}],\"inLanguage\":\"nl-NL\"}]}<\/script>\n<!-- \/ Yoast SEO plugin. -->","yoast_head_json":{"title":"Brochure Authenticiteit in de Mooiste Dorpen FR-NL","description":"Wilt u uw bezoeken aan onze mooie dorpen voorbereiden? Ontdek al onze publicaties in PDF- of papierformaat.","robots":{"index":"index","follow":"follow","max-snippet":"max-snippet:-1","max-image-preview":"max-image-preview:large","max-video-preview":"max-video-preview:-1"},"canonical":"https:\/\/beauxvillages.be\/nl\/produit\/brochure-authenticiteit-in-de-mooiste-dorpen\/","og_locale":"nl_NL","og_type":"article","og_title":"Brochure Authenticiteit in de Mooiste Dorpen FR-NL","og_description":"Wilt u uw bezoeken aan onze mooie dorpen voorbereiden? Ontdek al onze publicaties in PDF- of papierformaat.","og_url":"https:\/\/beauxvillages.be\/nl\/produit\/brochure-authenticiteit-in-de-mooiste-dorpen\/","og_site_name":"Plus Beaux Villages de Wallonie","article_modified_time":"2023-06-09T12:18:02+00:00","og_image":[{"width":1575,"height":1575,"url":"https:\/\/beauxvillages.be\/wp-content\/uploads\/2021\/11\/cover_brochre_auth_site-web.jpg","type":"image\/jpeg"}],"twitter_card":"summary_large_image","twitter_misc":{"Geschatte leestijd":"1 minuut"},"schema":{"@context":"https:\/\/schema.org","@graph":[{"@type":"WebPage","@id":"https:\/\/beauxvillages.be\/nl\/produit\/brochure-authenticiteit-in-de-mooiste-dorpen\/","url":"https:\/\/beauxvillages.be\/nl\/produit\/brochure-authenticiteit-in-de-mooiste-dorpen\/","name":"Brochure Authenticiteit in de Mooiste Dorpen FR-NL","isPartOf":{"@id":"https:\/\/beauxvillages.be\/#website"},"primaryImageOfPage":{"@id":"https:\/\/beauxvillages.be\/nl\/produit\/brochure-authenticiteit-in-de-mooiste-dorpen\/#primaryimage"},"image":{"@id":"https:\/\/beauxvillages.be\/nl\/produit\/brochure-authenticiteit-in-de-mooiste-dorpen\/#primaryimage"},"thumbnailUrl":"https:\/\/beauxvillages.be\/wp-content\/uploads\/2021\/11\/C1-BR-petit-format-1-e1722239496718.png","datePublished":"2022-05-19T07:52:31+00:00","dateModified":"2023-06-09T12:18:02+00:00","description":"Wilt u uw bezoeken aan onze mooie dorpen voorbereiden? Ontdek al onze publicaties in PDF- of papierformaat.","breadcrumb":{"@id":"https:\/\/beauxvillages.be\/nl\/produit\/brochure-authenticiteit-in-de-mooiste-dorpen\/#breadcrumb"},"inLanguage":"nl-NL","potentialAction":[{"@type":"ReadAction","target":["https:\/\/beauxvillages.be\/nl\/produit\/brochure-authenticiteit-in-de-mooiste-dorpen\/"]}]},{"@type":"ImageObject","inLanguage":"nl-NL","@id":"https:\/\/beauxvillages.be\/nl\/produit\/brochure-authenticiteit-in-de-mooiste-dorpen\/#primaryimage","url":"https:\/\/beauxvillages.be\/wp-content\/uploads\/2021\/11\/C1-BR-petit-format-1-e1722239496718.png","contentUrl":"https:\/\/beauxvillages.be\/wp-content\/uploads\/2021\/11\/C1-BR-petit-format-1-e1722239496718.png","width":945,"height":666},{"@type":"BreadcrumbList","@id":"https:\/\/beauxvillages.be\/nl\/produit\/brochure-authenticiteit-in-de-mooiste-dorpen\/#breadcrumb","itemListElement":[{"@type":"ListItem","position":1,"name":"Accueil","item":"https:\/\/beauxvillages.be\/"},{"@type":"ListItem","position":2,"name":"Winkelen","item":"https:\/\/beauxvillages.be\/nl\/winkelen\/"},{"@type":"ListItem","position":3,"name":"Brochure Authenticiteit in de Mooiste Dorpen FR-NL"}]},{"@type":"WebSite","@id":"https:\/\/beauxvillages.be\/#website","url":"https:\/\/beauxvillages.be\/","name":"Plus Beaux Villages de Wallonie","description":"Un site utilisant WordPress","potentialAction":[{"@type":"SearchAction","target":{"@type":"EntryPoint","urlTemplate":"https:\/\/beauxvillages.be\/?s={search_term_string}"},"query-input":{"@type":"PropertyValueSpecification","valueRequired":true,"valueName":"search_term_string"}}],"inLanguage":"nl-NL"}]}},"_links":{"self":[{"href":"https:\/\/beauxvillages.be\/nl\/wp-json\/wp\/v2\/product\/12954","targetHints":{"allow":["GET"]}}],"collection":[{"href":"https:\/\/beauxvillages.be\/nl\/wp-json\/wp\/v2\/product"}],"about":[{"href":"https:\/\/beauxvillages.be\/nl\/wp-json\/wp\/v2\/types\/product"}],"wp:featuredmedia":[{"embeddable":true,"href":"https:\/\/beauxvillages.be\/nl\/wp-json\/wp\/v2\/media\/21650"}],"wp:attachment":[{"href":"https:\/\/beauxvillages.be\/nl\/wp-json\/wp\/v2\/media?parent=12954"}],"wp:term":[{"taxonomy":"product_brand","embeddable":true,"href":"https:\/\/beauxvillages.be\/nl\/wp-json\/wp\/v2\/product_brand?post=12954"},{"taxonomy":"product_cat","embeddable":true,"href":"https:\/\/beauxvillages.be\/nl\/wp-json\/wp\/v2\/product_cat?post=12954"},{"taxonomy":"product_tag","embeddable":true,"href":"https:\/\/beauxvillages.be\/nl\/wp-json\/wp\/v2\/product_tag?post=12954"}],"curies":[{"name":"wp","href":"https:\/\/api.w.org\/{rel}","templated":true}]}}