{"id":10177,"date":"2021-12-21T18:52:17","date_gmt":"2021-12-21T17:52:17","guid":{"rendered":"https:\/\/beauxvillages.be\/produit\/nl-brochure-randonnees-brochure-authenticite\/"},"modified":"2025-04-22T15:14:43","modified_gmt":"2025-04-22T13:14:43","slug":"brochure_authenticiteit-_wandelbrochure","status":"publish","type":"product","link":"https:\/\/beauxvillages.be\/nl\/produit\/brochure_authenticiteit-_wandelbrochure\/","title":{"rendered":"Brochure authenticiteit + wandelbrochure  FR-NL"},"content":{"rendered":"<p>Onze publicaties kunnen gratis van deze site worden gedownload en zijn ook op papier verkrijgbaar (P.A.F: 3\u20ac + verzendkosten).<\/p>\n<p>&nbsp;<\/p>\n<p>Om een digitale kopie te verkrijgen :<br \/>\n&gt; klik op het kaartje van de brochure om het PDF-bestand te downloaden.<\/p>\n<p>&nbsp;<\/p>\n<p>Om de 2 papieren kopie\u00ebn te verkrijgen :<br \/>\n&gt; klik op de knop &#8220;Toevoegen aan mandje&#8221;,<\/p>\n<p>&gt; Geef uw contactgegevens.<\/p>\n<hr \/>\n<p><a href=\"https:\/\/beauxvillages.be\/wp-content\/uploads\/2023\/06\/LPBVW-RANDO2023-BRdouble.pdf\" target=\"_blank\" rel=\"noopener\"><img loading=\"lazy\" decoding=\"async\" class=\"alignnone wp-image-18958 size-medium\" src=\"https:\/\/beauxvillages.be\/wp-content\/uploads\/2023\/06\/visuel_site_web-300x300.jpg\" alt=\"\" width=\"300\" height=\"300\" srcset=\"https:\/\/beauxvillages.be\/wp-content\/uploads\/2023\/06\/visuel_site_web-300x300.jpg 300w, https:\/\/beauxvillages.be\/wp-content\/uploads\/2023\/06\/visuel_site_web-1024x1024.jpg 1024w, https:\/\/beauxvillages.be\/wp-content\/uploads\/2023\/06\/visuel_site_web-150x150.jpg 150w, https:\/\/beauxvillages.be\/wp-content\/uploads\/2023\/06\/visuel_site_web-768x768.jpg 768w, https:\/\/beauxvillages.be\/wp-content\/uploads\/2023\/06\/visuel_site_web-200x200.jpg 200w, https:\/\/beauxvillages.be\/wp-content\/uploads\/2023\/06\/visuel_site_web-400x400.jpg 400w, https:\/\/beauxvillages.be\/wp-content\/uploads\/2023\/06\/visuel_site_web.jpg 1181w\" sizes=\"auto, (max-width: 300px) 100vw, 300px\" \/> <\/a><a href=\"https:\/\/beauxvillages.be\/wp-content\/uploads\/2025\/03\/PBVDW_25-26_BDEF-2.pdf\" target=\"_blank\" rel=\"noopener\"><img loading=\"lazy\" decoding=\"async\" class=\"alignnone wp-image-23387\" src=\"https:\/\/beauxvillages.be\/wp-content\/uploads\/2025\/02\/Capture-300x202.png\" alt=\"\" width=\"388\" height=\"261\" srcset=\"https:\/\/beauxvillages.be\/wp-content\/uploads\/2025\/02\/Capture-300x202.png 300w, https:\/\/beauxvillages.be\/wp-content\/uploads\/2025\/02\/Capture-768x516.png 768w, https:\/\/beauxvillages.be\/wp-content\/uploads\/2025\/02\/Capture-400x269.png 400w, https:\/\/beauxvillages.be\/wp-content\/uploads\/2025\/02\/Capture.png 833w\" sizes=\"auto, (max-width: 388px) 100vw, 388px\" \/><\/a><\/p>\n","protected":false},"excerpt":{"rendered":"<p>Dit duopack combineert onze brochure &#8220;Authenticiteit&#8221; en onze brochure &#8220;Wandelen&#8221;:<\/p>\n<p><strong>&#8220;Authenticiteit&#8221; brochure:<\/strong><\/p>\n<p>Ontdekken, ademen, genieten,&#8230; gewoon ontspannen en een beetje rondwandelen&#8230;In en rond onze \u00e9\u00e9nendertig &#8220;Mooiste Dorpen van Walloni\u00eb&#8221; \u2026Dit is het voorstel en de directe aanleiding voor deze gids!<\/p>\n<p><strong>Brochure &#8220;Wandelen&#8221;:<\/strong><\/p>\n<p>De 31 voorgestelde routes zullen u verrassen door u mee te nemen naar het hart van onze Mooiste Dorpen langs bewegwijzerde wandelpaden, onverwachte paden of steile weggetjes. Er wacht je een schat aan emoties in de bochten van het pad, binnen handbereik en vooral op &#8230;. je voeten!<\/p>\n<p>&nbsp;<\/p>\n","protected":false},"featured_media":23891,"template":"","meta":{"_acf_changed":false},"product_brand":[],"product_cat":[],"product_tag":[],"class_list":{"0":"post-10177","1":"product","2":"type-product","3":"status-publish","4":"has-post-thumbnail","7":"first","8":"instock","9":"purchasable","10":"product-type-simple"},"acf":[],"yoast_head":"<!-- This site is optimized with the Yoast SEO plugin v27.4 - https:\/\/yoast.com\/product\/yoast-seo-wordpress\/ -->\n<title>Brochure authenticiteit + wandelbrochure FR-NL<\/title>\n<meta name=\"description\" content=\"Wilt u uw bezoeken aan onze mooie dorpen voorbereiden? Ontdek al onze publicaties in PDF- of papierformaat.\" \/>\n<meta name=\"robots\" content=\"index, follow, max-snippet:-1, max-image-preview:large, max-video-preview:-1\" \/>\n<link rel=\"canonical\" href=\"https:\/\/beauxvillages.be\/nl\/produit\/brochure_authenticiteit-_wandelbrochure\/\" \/>\n<meta property=\"og:locale\" content=\"nl_NL\" \/>\n<meta property=\"og:type\" content=\"article\" \/>\n<meta property=\"og:title\" content=\"Brochure authenticiteit + wandelbrochure FR-NL\" \/>\n<meta property=\"og:description\" content=\"Wilt u uw bezoeken aan onze mooie dorpen voorbereiden? Ontdek al onze publicaties in PDF- of papierformaat.\" \/>\n<meta property=\"og:url\" content=\"https:\/\/beauxvillages.be\/nl\/produit\/brochure_authenticiteit-_wandelbrochure\/\" \/>\n<meta property=\"og:site_name\" content=\"Plus Beaux Villages de Wallonie\" \/>\n<meta property=\"article:modified_time\" content=\"2025-04-22T13:14:43+00:00\" \/>\n<meta property=\"og:image\" content=\"https:\/\/beauxvillages.be\/wp-content\/uploads\/2025\/04\/Neutral-Black-White-Elegant-Square-Frame-Business-Logo.png\" \/>\n\t<meta property=\"og:image:width\" content=\"500\" \/>\n\t<meta property=\"og:image:height\" content=\"500\" \/>\n\t<meta property=\"og:image:type\" content=\"image\/png\" \/>\n<meta name=\"twitter:card\" content=\"summary_large_image\" \/>\n<meta name=\"twitter:label1\" content=\"Geschatte leestijd\" \/>\n\t<meta name=\"twitter:data1\" content=\"1 minuut\" \/>\n<script type=\"application\/ld+json\" class=\"yoast-schema-graph\">{\"@context\":\"https:\\\/\\\/schema.org\",\"@graph\":[{\"@type\":\"WebPage\",\"@id\":\"https:\\\/\\\/beauxvillages.be\\\/nl\\\/produit\\\/brochure_authenticiteit-_wandelbrochure\\\/\",\"url\":\"https:\\\/\\\/beauxvillages.be\\\/nl\\\/produit\\\/brochure_authenticiteit-_wandelbrochure\\\/\",\"name\":\"Brochure authenticiteit + wandelbrochure FR-NL\",\"isPartOf\":{\"@id\":\"https:\\\/\\\/beauxvillages.be\\\/#website\"},\"primaryImageOfPage\":{\"@id\":\"https:\\\/\\\/beauxvillages.be\\\/nl\\\/produit\\\/brochure_authenticiteit-_wandelbrochure\\\/#primaryimage\"},\"image\":{\"@id\":\"https:\\\/\\\/beauxvillages.be\\\/nl\\\/produit\\\/brochure_authenticiteit-_wandelbrochure\\\/#primaryimage\"},\"thumbnailUrl\":\"https:\\\/\\\/beauxvillages.be\\\/wp-content\\\/uploads\\\/2025\\\/04\\\/Neutral-Black-White-Elegant-Square-Frame-Business-Logo.png\",\"datePublished\":\"2021-12-21T17:52:17+00:00\",\"dateModified\":\"2025-04-22T13:14:43+00:00\",\"description\":\"Wilt u uw bezoeken aan onze mooie dorpen voorbereiden? Ontdek al onze publicaties in PDF- of papierformaat.\",\"breadcrumb\":{\"@id\":\"https:\\\/\\\/beauxvillages.be\\\/nl\\\/produit\\\/brochure_authenticiteit-_wandelbrochure\\\/#breadcrumb\"},\"inLanguage\":\"nl-NL\",\"potentialAction\":[{\"@type\":\"ReadAction\",\"target\":[\"https:\\\/\\\/beauxvillages.be\\\/nl\\\/produit\\\/brochure_authenticiteit-_wandelbrochure\\\/\"]}]},{\"@type\":\"ImageObject\",\"inLanguage\":\"nl-NL\",\"@id\":\"https:\\\/\\\/beauxvillages.be\\\/nl\\\/produit\\\/brochure_authenticiteit-_wandelbrochure\\\/#primaryimage\",\"url\":\"https:\\\/\\\/beauxvillages.be\\\/wp-content\\\/uploads\\\/2025\\\/04\\\/Neutral-Black-White-Elegant-Square-Frame-Business-Logo.png\",\"contentUrl\":\"https:\\\/\\\/beauxvillages.be\\\/wp-content\\\/uploads\\\/2025\\\/04\\\/Neutral-Black-White-Elegant-Square-Frame-Business-Logo.png\",\"width\":500,\"height\":500},{\"@type\":\"BreadcrumbList\",\"@id\":\"https:\\\/\\\/beauxvillages.be\\\/nl\\\/produit\\\/brochure_authenticiteit-_wandelbrochure\\\/#breadcrumb\",\"itemListElement\":[{\"@type\":\"ListItem\",\"position\":1,\"name\":\"Accueil\",\"item\":\"https:\\\/\\\/beauxvillages.be\\\/\"},{\"@type\":\"ListItem\",\"position\":2,\"name\":\"Winkelen\",\"item\":\"https:\\\/\\\/beauxvillages.be\\\/nl\\\/winkelen\\\/\"},{\"@type\":\"ListItem\",\"position\":3,\"name\":\"Brochure authenticiteit + wandelbrochure FR-NL\"}]},{\"@type\":\"WebSite\",\"@id\":\"https:\\\/\\\/beauxvillages.be\\\/#website\",\"url\":\"https:\\\/\\\/beauxvillages.be\\\/\",\"name\":\"Plus Beaux Villages de Wallonie\",\"description\":\"Un site utilisant WordPress\",\"potentialAction\":[{\"@type\":\"SearchAction\",\"target\":{\"@type\":\"EntryPoint\",\"urlTemplate\":\"https:\\\/\\\/beauxvillages.be\\\/?s={search_term_string}\"},\"query-input\":{\"@type\":\"PropertyValueSpecification\",\"valueRequired\":true,\"valueName\":\"search_term_string\"}}],\"inLanguage\":\"nl-NL\"}]}<\/script>\n<!-- \/ Yoast SEO plugin. -->","yoast_head_json":{"title":"Brochure authenticiteit + wandelbrochure FR-NL","description":"Wilt u uw bezoeken aan onze mooie dorpen voorbereiden? Ontdek al onze publicaties in PDF- of papierformaat.","robots":{"index":"index","follow":"follow","max-snippet":"max-snippet:-1","max-image-preview":"max-image-preview:large","max-video-preview":"max-video-preview:-1"},"canonical":"https:\/\/beauxvillages.be\/nl\/produit\/brochure_authenticiteit-_wandelbrochure\/","og_locale":"nl_NL","og_type":"article","og_title":"Brochure authenticiteit + wandelbrochure FR-NL","og_description":"Wilt u uw bezoeken aan onze mooie dorpen voorbereiden? Ontdek al onze publicaties in PDF- of papierformaat.","og_url":"https:\/\/beauxvillages.be\/nl\/produit\/brochure_authenticiteit-_wandelbrochure\/","og_site_name":"Plus Beaux Villages de Wallonie","article_modified_time":"2025-04-22T13:14:43+00:00","og_image":[{"width":500,"height":500,"url":"https:\/\/beauxvillages.be\/wp-content\/uploads\/2025\/04\/Neutral-Black-White-Elegant-Square-Frame-Business-Logo.png","type":"image\/png"}],"twitter_card":"summary_large_image","twitter_misc":{"Geschatte leestijd":"1 minuut"},"schema":{"@context":"https:\/\/schema.org","@graph":[{"@type":"WebPage","@id":"https:\/\/beauxvillages.be\/nl\/produit\/brochure_authenticiteit-_wandelbrochure\/","url":"https:\/\/beauxvillages.be\/nl\/produit\/brochure_authenticiteit-_wandelbrochure\/","name":"Brochure authenticiteit + wandelbrochure FR-NL","isPartOf":{"@id":"https:\/\/beauxvillages.be\/#website"},"primaryImageOfPage":{"@id":"https:\/\/beauxvillages.be\/nl\/produit\/brochure_authenticiteit-_wandelbrochure\/#primaryimage"},"image":{"@id":"https:\/\/beauxvillages.be\/nl\/produit\/brochure_authenticiteit-_wandelbrochure\/#primaryimage"},"thumbnailUrl":"https:\/\/beauxvillages.be\/wp-content\/uploads\/2025\/04\/Neutral-Black-White-Elegant-Square-Frame-Business-Logo.png","datePublished":"2021-12-21T17:52:17+00:00","dateModified":"2025-04-22T13:14:43+00:00","description":"Wilt u uw bezoeken aan onze mooie dorpen voorbereiden? Ontdek al onze publicaties in PDF- of papierformaat.","breadcrumb":{"@id":"https:\/\/beauxvillages.be\/nl\/produit\/brochure_authenticiteit-_wandelbrochure\/#breadcrumb"},"inLanguage":"nl-NL","potentialAction":[{"@type":"ReadAction","target":["https:\/\/beauxvillages.be\/nl\/produit\/brochure_authenticiteit-_wandelbrochure\/"]}]},{"@type":"ImageObject","inLanguage":"nl-NL","@id":"https:\/\/beauxvillages.be\/nl\/produit\/brochure_authenticiteit-_wandelbrochure\/#primaryimage","url":"https:\/\/beauxvillages.be\/wp-content\/uploads\/2025\/04\/Neutral-Black-White-Elegant-Square-Frame-Business-Logo.png","contentUrl":"https:\/\/beauxvillages.be\/wp-content\/uploads\/2025\/04\/Neutral-Black-White-Elegant-Square-Frame-Business-Logo.png","width":500,"height":500},{"@type":"BreadcrumbList","@id":"https:\/\/beauxvillages.be\/nl\/produit\/brochure_authenticiteit-_wandelbrochure\/#breadcrumb","itemListElement":[{"@type":"ListItem","position":1,"name":"Accueil","item":"https:\/\/beauxvillages.be\/"},{"@type":"ListItem","position":2,"name":"Winkelen","item":"https:\/\/beauxvillages.be\/nl\/winkelen\/"},{"@type":"ListItem","position":3,"name":"Brochure authenticiteit + wandelbrochure FR-NL"}]},{"@type":"WebSite","@id":"https:\/\/beauxvillages.be\/#website","url":"https:\/\/beauxvillages.be\/","name":"Plus Beaux Villages de Wallonie","description":"Un site utilisant WordPress","potentialAction":[{"@type":"SearchAction","target":{"@type":"EntryPoint","urlTemplate":"https:\/\/beauxvillages.be\/?s={search_term_string}"},"query-input":{"@type":"PropertyValueSpecification","valueRequired":true,"valueName":"search_term_string"}}],"inLanguage":"nl-NL"}]}},"_links":{"self":[{"href":"https:\/\/beauxvillages.be\/nl\/wp-json\/wp\/v2\/product\/10177","targetHints":{"allow":["GET"]}}],"collection":[{"href":"https:\/\/beauxvillages.be\/nl\/wp-json\/wp\/v2\/product"}],"about":[{"href":"https:\/\/beauxvillages.be\/nl\/wp-json\/wp\/v2\/types\/product"}],"wp:featuredmedia":[{"embeddable":true,"href":"https:\/\/beauxvillages.be\/nl\/wp-json\/wp\/v2\/media\/23891"}],"wp:attachment":[{"href":"https:\/\/beauxvillages.be\/nl\/wp-json\/wp\/v2\/media?parent=10177"}],"wp:term":[{"taxonomy":"product_brand","embeddable":true,"href":"https:\/\/beauxvillages.be\/nl\/wp-json\/wp\/v2\/product_brand?post=10177"},{"taxonomy":"product_cat","embeddable":true,"href":"https:\/\/beauxvillages.be\/nl\/wp-json\/wp\/v2\/product_cat?post=10177"},{"taxonomy":"product_tag","embeddable":true,"href":"https:\/\/beauxvillages.be\/nl\/wp-json\/wp\/v2\/product_tag?post=10177"}],"curies":[{"name":"wp","href":"https:\/\/api.w.org\/{rel}","templated":true}]}}