{"id":23657,"date":"2025-03-28T11:07:27","date_gmt":"2025-03-28T10:07:27","guid":{"rendered":"https:\/\/beauxvillages.be\/?post_type=product&#038;p=23657"},"modified":"2026-02-17T12:14:22","modified_gmt":"2026-02-17T11:14:22","slug":"authenticite","status":"publish","type":"product","link":"https:\/\/beauxvillages.be\/en\/produit\/authenticite\/","title":{"rendered":"NEW\/ &#8220;L&#8217;authenticit\u00e9 \u00e0 port\u00e9e de main&#8221; &#8211; Edition 2025-2026 FR-NL"},"content":{"rendered":"<h2>NEW\/ &#8220;L&#8217;authenticit\u00e9 \u00e0 port\u00e9e de main&#8221; &#8211; Edition 2025-2026 FR-NL<\/h2>\n<h2>Vous aimez fl\u00e2ner dans les plus beaux villages de Wallonie ? Vous cherchez des id\u00e9es de balades, des d\u00e9couvertes insolites et des exp\u00e9riences authentiques ?<\/h2>\n<p>Ne manquez pas cette nouvelle \u00e9dition enrichie, qui met en lumi\u00e8re nos villages d&#8217;exception et leur patrimoine unique<\/p>\n<h2><img loading=\"lazy\" decoding=\"async\" class=\"\" src=\"https:\/\/beauxvillages.be\/wp-content\/uploads\/2025\/02\/Capture.png\" width=\"477\" height=\"321\" \/><\/h2>\n<p>&nbsp;<\/p>\n<p><img loading=\"lazy\" decoding=\"async\" class=\"\" src=\"https:\/\/beauxvillages.be\/wp-content\/uploads\/2025\/02\/authenticite.png\" width=\"476\" height=\"323\" \/><\/p>\n<p>&nbsp;<\/p>\n","protected":false},"excerpt":{"rendered":"<p>NEW\/ &#8220;L&#8217;authenticit\u00e9 \u00e0 port\u00e9e de main&#8221; &#8211; Edition 2025-2026 FR-NL Vous aimez fl\u00e2ner dans les plus beaux villages de Wallonie ? Vous cherchez des id\u00e9es de balades, des d\u00e9couvertes insolites et des exp\u00e9riences authentiques ? Ne manquez pas cette nouvelle \u00e9dition enrichie, qui met en lumi\u00e8re nos villages d&#8217;exception et leur patrimoine unique &nbsp; &nbsp;<\/p>\n","protected":false},"featured_media":23660,"template":"","meta":{"_acf_changed":false},"product_brand":[],"product_cat":[256],"product_tag":[],"class_list":{"0":"post-23657","1":"product","2":"type-product","3":"status-publish","4":"has-post-thumbnail","6":"product_cat-circuits-randos-velo","8":"first","9":"instock","10":"purchasable","11":"product-type-simple"},"acf":[],"yoast_head":"<!-- This site is optimized with the Yoast SEO plugin v27.4 - https:\/\/yoast.com\/product\/yoast-seo-wordpress\/ -->\n<title>NEW\/ &quot;L&#039;authenticit\u00e9 \u00e0 port\u00e9e de main&quot; - Edition 2025-2026 FR-NL - Plus Beaux Villages de Wallonie<\/title>\n<meta name=\"description\" content=\"Vous souhaitez pr\u00e9parer vos visites dans nos Beaux Villages ? D\u00e9couvrez toutes nos publications sous format PDF ou papier.\" \/>\n<meta name=\"robots\" content=\"index, follow, max-snippet:-1, max-image-preview:large, max-video-preview:-1\" \/>\n<link rel=\"canonical\" href=\"https:\/\/beauxvillages.be\/produit\/authenticite\/\" \/>\n<meta property=\"og:locale\" content=\"en_US\" \/>\n<meta property=\"og:type\" content=\"article\" \/>\n<meta property=\"og:title\" content=\"NEW\/ &quot;L&#039;authenticit\u00e9 \u00e0 port\u00e9e de main&quot; - Edition 2025-2026 FR-NL - Plus Beaux Villages de Wallonie\" \/>\n<meta property=\"og:description\" content=\"Vous souhaitez pr\u00e9parer vos visites dans nos Beaux Villages ? D\u00e9couvrez toutes nos publications sous format PDF ou papier.\" \/>\n<meta property=\"og:url\" content=\"https:\/\/beauxvillages.be\/produit\/authenticite\/\" \/>\n<meta property=\"og:site_name\" content=\"Plus Beaux Villages de Wallonie\" \/>\n<meta property=\"article:modified_time\" content=\"2026-02-17T11:14:22+00:00\" \/>\n<meta property=\"og:image\" content=\"https:\/\/beauxvillages.be\/wp-content\/uploads\/2025\/03\/authenticite1-1.png\" \/>\n\t<meta property=\"og:image:width\" content=\"831\" \/>\n\t<meta property=\"og:image:height\" content=\"560\" \/>\n\t<meta property=\"og:image:type\" content=\"image\/png\" \/>\n<meta name=\"twitter:card\" content=\"summary_large_image\" \/>\n<meta name=\"twitter:label1\" content=\"Est. reading time\" \/>\n\t<meta name=\"twitter:data1\" content=\"1 minute\" \/>\n<script type=\"application\/ld+json\" class=\"yoast-schema-graph\">{\"@context\":\"https:\\\/\\\/schema.org\",\"@graph\":[{\"@type\":\"WebPage\",\"@id\":\"https:\\\/\\\/beauxvillages.be\\\/produit\\\/authenticite\\\/\",\"url\":\"https:\\\/\\\/beauxvillages.be\\\/produit\\\/authenticite\\\/\",\"name\":\"NEW\\\/ \\\"L'authenticit\u00e9 \u00e0 port\u00e9e de main\\\" - Edition 2025-2026 FR-NL - Plus Beaux Villages de Wallonie\",\"isPartOf\":{\"@id\":\"https:\\\/\\\/beauxvillages.be\\\/#website\"},\"primaryImageOfPage\":{\"@id\":\"https:\\\/\\\/beauxvillages.be\\\/produit\\\/authenticite\\\/#primaryimage\"},\"image\":{\"@id\":\"https:\\\/\\\/beauxvillages.be\\\/produit\\\/authenticite\\\/#primaryimage\"},\"thumbnailUrl\":\"https:\\\/\\\/beauxvillages.be\\\/wp-content\\\/uploads\\\/2025\\\/03\\\/authenticite1-1.png\",\"datePublished\":\"2025-03-28T10:07:27+00:00\",\"dateModified\":\"2026-02-17T11:14:22+00:00\",\"description\":\"Vous souhaitez pr\u00e9parer vos visites dans nos Beaux Villages ? D\u00e9couvrez toutes nos publications sous format PDF ou papier.\",\"breadcrumb\":{\"@id\":\"https:\\\/\\\/beauxvillages.be\\\/produit\\\/authenticite\\\/#breadcrumb\"},\"inLanguage\":\"en-US\",\"potentialAction\":[{\"@type\":\"ReadAction\",\"target\":[\"https:\\\/\\\/beauxvillages.be\\\/produit\\\/authenticite\\\/\"]}]},{\"@type\":\"ImageObject\",\"inLanguage\":\"en-US\",\"@id\":\"https:\\\/\\\/beauxvillages.be\\\/produit\\\/authenticite\\\/#primaryimage\",\"url\":\"https:\\\/\\\/beauxvillages.be\\\/wp-content\\\/uploads\\\/2025\\\/03\\\/authenticite1-1.png\",\"contentUrl\":\"https:\\\/\\\/beauxvillages.be\\\/wp-content\\\/uploads\\\/2025\\\/03\\\/authenticite1-1.png\",\"width\":831,\"height\":560},{\"@type\":\"BreadcrumbList\",\"@id\":\"https:\\\/\\\/beauxvillages.be\\\/produit\\\/authenticite\\\/#breadcrumb\",\"itemListElement\":[{\"@type\":\"ListItem\",\"position\":1,\"name\":\"Accueil\",\"item\":\"https:\\\/\\\/beauxvillages.be\\\/\"},{\"@type\":\"ListItem\",\"position\":2,\"name\":\"Shop\",\"item\":\"https:\\\/\\\/beauxvillages.be\\\/en\\\/shop\\\/\"},{\"@type\":\"ListItem\",\"position\":3,\"name\":\"NEW\\\/ \u00ab\u00a0L&rsquo;authenticit\u00e9 \u00e0 port\u00e9e de main\u00a0\u00bb &#8211; Edition 2025-2026 FR-NL\"}]},{\"@type\":\"WebSite\",\"@id\":\"https:\\\/\\\/beauxvillages.be\\\/#website\",\"url\":\"https:\\\/\\\/beauxvillages.be\\\/\",\"name\":\"Plus Beaux Villages de Wallonie\",\"description\":\"Un site utilisant WordPress\",\"potentialAction\":[{\"@type\":\"SearchAction\",\"target\":{\"@type\":\"EntryPoint\",\"urlTemplate\":\"https:\\\/\\\/beauxvillages.be\\\/?s={search_term_string}\"},\"query-input\":{\"@type\":\"PropertyValueSpecification\",\"valueRequired\":true,\"valueName\":\"search_term_string\"}}],\"inLanguage\":\"en-US\"}]}<\/script>\n<!-- \/ Yoast SEO plugin. -->","yoast_head_json":{"title":"NEW\/ \"L'authenticit\u00e9 \u00e0 port\u00e9e de main\" - Edition 2025-2026 FR-NL - Plus Beaux Villages de Wallonie","description":"Vous souhaitez pr\u00e9parer vos visites dans nos Beaux Villages ? D\u00e9couvrez toutes nos publications sous format PDF ou papier.","robots":{"index":"index","follow":"follow","max-snippet":"max-snippet:-1","max-image-preview":"max-image-preview:large","max-video-preview":"max-video-preview:-1"},"canonical":"https:\/\/beauxvillages.be\/produit\/authenticite\/","og_locale":"en_US","og_type":"article","og_title":"NEW\/ \"L'authenticit\u00e9 \u00e0 port\u00e9e de main\" - Edition 2025-2026 FR-NL - Plus Beaux Villages de Wallonie","og_description":"Vous souhaitez pr\u00e9parer vos visites dans nos Beaux Villages ? D\u00e9couvrez toutes nos publications sous format PDF ou papier.","og_url":"https:\/\/beauxvillages.be\/produit\/authenticite\/","og_site_name":"Plus Beaux Villages de Wallonie","article_modified_time":"2026-02-17T11:14:22+00:00","og_image":[{"width":831,"height":560,"url":"https:\/\/beauxvillages.be\/wp-content\/uploads\/2025\/03\/authenticite1-1.png","type":"image\/png"}],"twitter_card":"summary_large_image","twitter_misc":{"Est. reading time":"1 minute"},"schema":{"@context":"https:\/\/schema.org","@graph":[{"@type":"WebPage","@id":"https:\/\/beauxvillages.be\/produit\/authenticite\/","url":"https:\/\/beauxvillages.be\/produit\/authenticite\/","name":"NEW\/ \"L'authenticit\u00e9 \u00e0 port\u00e9e de main\" - Edition 2025-2026 FR-NL - Plus Beaux Villages de Wallonie","isPartOf":{"@id":"https:\/\/beauxvillages.be\/#website"},"primaryImageOfPage":{"@id":"https:\/\/beauxvillages.be\/produit\/authenticite\/#primaryimage"},"image":{"@id":"https:\/\/beauxvillages.be\/produit\/authenticite\/#primaryimage"},"thumbnailUrl":"https:\/\/beauxvillages.be\/wp-content\/uploads\/2025\/03\/authenticite1-1.png","datePublished":"2025-03-28T10:07:27+00:00","dateModified":"2026-02-17T11:14:22+00:00","description":"Vous souhaitez pr\u00e9parer vos visites dans nos Beaux Villages ? D\u00e9couvrez toutes nos publications sous format PDF ou papier.","breadcrumb":{"@id":"https:\/\/beauxvillages.be\/produit\/authenticite\/#breadcrumb"},"inLanguage":"en-US","potentialAction":[{"@type":"ReadAction","target":["https:\/\/beauxvillages.be\/produit\/authenticite\/"]}]},{"@type":"ImageObject","inLanguage":"en-US","@id":"https:\/\/beauxvillages.be\/produit\/authenticite\/#primaryimage","url":"https:\/\/beauxvillages.be\/wp-content\/uploads\/2025\/03\/authenticite1-1.png","contentUrl":"https:\/\/beauxvillages.be\/wp-content\/uploads\/2025\/03\/authenticite1-1.png","width":831,"height":560},{"@type":"BreadcrumbList","@id":"https:\/\/beauxvillages.be\/produit\/authenticite\/#breadcrumb","itemListElement":[{"@type":"ListItem","position":1,"name":"Accueil","item":"https:\/\/beauxvillages.be\/"},{"@type":"ListItem","position":2,"name":"Shop","item":"https:\/\/beauxvillages.be\/en\/shop\/"},{"@type":"ListItem","position":3,"name":"NEW\/ \u00ab\u00a0L&rsquo;authenticit\u00e9 \u00e0 port\u00e9e de main\u00a0\u00bb &#8211; Edition 2025-2026 FR-NL"}]},{"@type":"WebSite","@id":"https:\/\/beauxvillages.be\/#website","url":"https:\/\/beauxvillages.be\/","name":"Plus Beaux Villages de Wallonie","description":"Un site utilisant WordPress","potentialAction":[{"@type":"SearchAction","target":{"@type":"EntryPoint","urlTemplate":"https:\/\/beauxvillages.be\/?s={search_term_string}"},"query-input":{"@type":"PropertyValueSpecification","valueRequired":true,"valueName":"search_term_string"}}],"inLanguage":"en-US"}]}},"_links":{"self":[{"href":"https:\/\/beauxvillages.be\/en\/wp-json\/wp\/v2\/product\/23657","targetHints":{"allow":["GET"]}}],"collection":[{"href":"https:\/\/beauxvillages.be\/en\/wp-json\/wp\/v2\/product"}],"about":[{"href":"https:\/\/beauxvillages.be\/en\/wp-json\/wp\/v2\/types\/product"}],"wp:featuredmedia":[{"embeddable":true,"href":"https:\/\/beauxvillages.be\/en\/wp-json\/wp\/v2\/media\/23660"}],"wp:attachment":[{"href":"https:\/\/beauxvillages.be\/en\/wp-json\/wp\/v2\/media?parent=23657"}],"wp:term":[{"taxonomy":"product_brand","embeddable":true,"href":"https:\/\/beauxvillages.be\/en\/wp-json\/wp\/v2\/product_brand?post=23657"},{"taxonomy":"product_cat","embeddable":true,"href":"https:\/\/beauxvillages.be\/en\/wp-json\/wp\/v2\/product_cat?post=23657"},{"taxonomy":"product_tag","embeddable":true,"href":"https:\/\/beauxvillages.be\/en\/wp-json\/wp\/v2\/product_tag?post=23657"}],"curies":[{"name":"wp","href":"https:\/\/api.w.org\/{rel}","templated":true}]}}