{"id":21632,"date":"2024-07-26T16:19:20","date_gmt":"2024-07-26T14:19:20","guid":{"rendered":"https:\/\/beauxvillages.be\/?post_type=product&#038;p=21632"},"modified":"2026-02-17T12:14:31","modified_gmt":"2026-02-17T11:14:31","slug":"cycloguide_pbvw","status":"publish","type":"product","link":"https:\/\/beauxvillages.be\/en\/produit\/cycloguide_pbvw\/","title":{"rendered":"&#8220;Les Plus Beaux Villages de Wallonie \u00e0 v\u00e9lo&#8221; FR-NL"},"content":{"rendered":"<h2>&#8220;Les Plus Beaux Villages de Wallonie \u00e0 v\u00e9lo&#8221; &#8211; Edition 2024-2025 FR-NL<\/h2>\n<h2>Embarquez avec nous sur le r\u00e9seau points-n\u0153uds et d\u00e9couvrez les 12 parcours de notre toute nouvelle brochure \u00ab Les Plus Beaux Villages de Wallonie \u00e0 v\u00e9lo \u00bb !<\/h2>\n<p>Par-del\u00e0 les tiges et les chav\u00e9es, au milieu de for\u00eats immenses ou sur des chemins de plaines traversant des villages paisibles, les 12 parcours de cette toute nouvelle brochure vous partageront le patrimoine exceptionnel de la Wallonie par les jalons de nos \u00abBeaux Villages\u00bb.<\/p>\n<h2><\/h2>\n<p><a href=\"https:\/\/beauxvillages.be\/wp-content\/uploads\/2024\/07\/Cycloguide-2024_pbvw_cover.png\"><img loading=\"lazy\" decoding=\"async\" class=\"alignnone wp-image-21633 size-medium\" src=\"https:\/\/beauxvillages.be\/wp-content\/uploads\/2024\/07\/Cycloguide-2024_pbvw_cover-300x176.png\" alt=\"\" width=\"300\" height=\"176\" srcset=\"https:\/\/beauxvillages.be\/wp-content\/uploads\/2024\/07\/Cycloguide-2024_pbvw_cover-300x176.png 300w, https:\/\/beauxvillages.be\/wp-content\/uploads\/2024\/07\/Cycloguide-2024_pbvw_cover-1024x601.png 1024w, https:\/\/beauxvillages.be\/wp-content\/uploads\/2024\/07\/Cycloguide-2024_pbvw_cover-768x450.png 768w, https:\/\/beauxvillages.be\/wp-content\/uploads\/2024\/07\/Cycloguide-2024_pbvw_cover-1536x901.png 1536w, https:\/\/beauxvillages.be\/wp-content\/uploads\/2024\/07\/Cycloguide-2024_pbvw_cover-2048x1201.png 2048w, https:\/\/beauxvillages.be\/wp-content\/uploads\/2024\/07\/Cycloguide-2024_pbvw_cover-400x235.png 400w\" sizes=\"auto, (max-width: 300px) 100vw, 300px\" \/><\/a><\/p>\n<p>&nbsp;<\/p>\n<p><a href=\"https:\/\/beauxvillages.be\/wp-content\/uploads\/2024\/07\/Cycloguide-2024_pbvw_dosdecover.png\"><img loading=\"lazy\" decoding=\"async\" class=\"alignnone wp-image-21642 size-medium\" src=\"https:\/\/beauxvillages.be\/wp-content\/uploads\/2024\/07\/Cycloguide-2024_pbvw_dosdecover-300x173.png\" alt=\"\" width=\"300\" height=\"173\" srcset=\"https:\/\/beauxvillages.be\/wp-content\/uploads\/2024\/07\/Cycloguide-2024_pbvw_dosdecover-300x173.png 300w, https:\/\/beauxvillages.be\/wp-content\/uploads\/2024\/07\/Cycloguide-2024_pbvw_dosdecover-1024x590.png 1024w, https:\/\/beauxvillages.be\/wp-content\/uploads\/2024\/07\/Cycloguide-2024_pbvw_dosdecover-768x442.png 768w, https:\/\/beauxvillages.be\/wp-content\/uploads\/2024\/07\/Cycloguide-2024_pbvw_dosdecover-1536x885.png 1536w, https:\/\/beauxvillages.be\/wp-content\/uploads\/2024\/07\/Cycloguide-2024_pbvw_dosdecover-2048x1180.png 2048w, https:\/\/beauxvillages.be\/wp-content\/uploads\/2024\/07\/Cycloguide-2024_pbvw_dosdecover-400x230.png 400w\" sizes=\"auto, (max-width: 300px) 100vw, 300px\" \/><\/a><\/p>\n<p>&nbsp;<\/p>\n<p><a href=\"https:\/\/beauxvillages.be\/wp-content\/uploads\/2024\/07\/Cycloguide-2024_pbvw_sommaire-1.png\"><img loading=\"lazy\" decoding=\"async\" class=\"alignnone wp-image-21636 size-medium\" src=\"https:\/\/beauxvillages.be\/wp-content\/uploads\/2024\/07\/Cycloguide-2024_pbvw_sommaire-1-300x168.png\" alt=\"\" width=\"300\" height=\"168\" srcset=\"https:\/\/beauxvillages.be\/wp-content\/uploads\/2024\/07\/Cycloguide-2024_pbvw_sommaire-1-300x168.png 300w, https:\/\/beauxvillages.be\/wp-content\/uploads\/2024\/07\/Cycloguide-2024_pbvw_sommaire-1-1024x573.png 1024w, https:\/\/beauxvillages.be\/wp-content\/uploads\/2024\/07\/Cycloguide-2024_pbvw_sommaire-1-768x430.png 768w, https:\/\/beauxvillages.be\/wp-content\/uploads\/2024\/07\/Cycloguide-2024_pbvw_sommaire-1-1536x860.png 1536w, https:\/\/beauxvillages.be\/wp-content\/uploads\/2024\/07\/Cycloguide-2024_pbvw_sommaire-1-2048x1147.png 2048w, https:\/\/beauxvillages.be\/wp-content\/uploads\/2024\/07\/Cycloguide-2024_pbvw_sommaire-1-400x224.png 400w\" sizes=\"auto, (max-width: 300px) 100vw, 300px\" \/><\/a><\/p>\n<p>&nbsp;<\/p>\n<p><a href=\"https:\/\/beauxvillages.be\/wp-content\/uploads\/2024\/07\/Cycloguide-2024_pbvw_sommaire-2.png\"><img loading=\"lazy\" decoding=\"async\" class=\"alignnone wp-image-21639 size-medium\" src=\"https:\/\/beauxvillages.be\/wp-content\/uploads\/2024\/07\/Cycloguide-2024_pbvw_sommaire-2-300x173.png\" alt=\"\" width=\"300\" height=\"173\" srcset=\"https:\/\/beauxvillages.be\/wp-content\/uploads\/2024\/07\/Cycloguide-2024_pbvw_sommaire-2-300x173.png 300w, https:\/\/beauxvillages.be\/wp-content\/uploads\/2024\/07\/Cycloguide-2024_pbvw_sommaire-2-1024x592.png 1024w, https:\/\/beauxvillages.be\/wp-content\/uploads\/2024\/07\/Cycloguide-2024_pbvw_sommaire-2-768x444.png 768w, https:\/\/beauxvillages.be\/wp-content\/uploads\/2024\/07\/Cycloguide-2024_pbvw_sommaire-2-1536x888.png 1536w, https:\/\/beauxvillages.be\/wp-content\/uploads\/2024\/07\/Cycloguide-2024_pbvw_sommaire-2-2048x1183.png 2048w, https:\/\/beauxvillages.be\/wp-content\/uploads\/2024\/07\/Cycloguide-2024_pbvw_sommaire-2-400x231.png 400w\" sizes=\"auto, (max-width: 300px) 100vw, 300px\" \/><\/a><\/p>\n","protected":false},"excerpt":{"rendered":"<p>&#8220;Les Plus Beaux Villages de Wallonie \u00e0 v\u00e9lo&#8221; &#8211; Edition 2024-2025 FR-NL Embarquez avec nous sur le r\u00e9seau points-n\u0153uds et d\u00e9couvrez les 12 parcours de notre toute nouvelle brochure \u00ab Les Plus Beaux Villages de Wallonie \u00e0 v\u00e9lo \u00bb ! Par-del\u00e0 les tiges et les chav\u00e9es, au milieu de for\u00eats immenses ou sur des chemins [&hellip;]<\/p>\n","protected":false},"featured_media":21795,"template":"","meta":{"_acf_changed":false},"product_brand":[],"product_cat":[256],"product_tag":[],"class_list":{"0":"post-21632","1":"product","2":"type-product","3":"status-publish","4":"has-post-thumbnail","6":"product_cat-circuits-randos-velo","8":"first","9":"instock","10":"purchasable","11":"product-type-simple"},"acf":[],"yoast_head":"<!-- This site is optimized with the Yoast SEO plugin v27.4 - https:\/\/yoast.com\/product\/yoast-seo-wordpress\/ -->\n<title>&quot;Les Plus Beaux Villages de Wallonie \u00e0 v\u00e9lo&quot; FR-NL - Plus Beaux Villages de Wallonie<\/title>\n<meta name=\"description\" content=\"Vous souhaitez pr\u00e9parer vos visites dans nos Beaux Villages ? D\u00e9couvrez toutes nos publications sous format PDF ou papier.\" \/>\n<meta name=\"robots\" content=\"index, follow, max-snippet:-1, max-image-preview:large, max-video-preview:-1\" \/>\n<link rel=\"canonical\" href=\"https:\/\/beauxvillages.be\/produit\/cycloguide_pbvw\/\" \/>\n<meta property=\"og:locale\" content=\"en_US\" \/>\n<meta property=\"og:type\" content=\"article\" \/>\n<meta property=\"og:title\" content=\"&quot;Les Plus Beaux Villages de Wallonie \u00e0 v\u00e9lo&quot; FR-NL - Plus Beaux Villages de Wallonie\" \/>\n<meta property=\"og:description\" content=\"Vous souhaitez pr\u00e9parer vos visites dans nos Beaux Villages ? D\u00e9couvrez toutes nos publications sous format PDF ou papier.\" \/>\n<meta property=\"og:url\" content=\"https:\/\/beauxvillages.be\/produit\/cycloguide_pbvw\/\" \/>\n<meta property=\"og:site_name\" content=\"Plus Beaux Villages de Wallonie\" \/>\n<meta property=\"article:modified_time\" content=\"2026-02-17T11:14:31+00:00\" \/>\n<meta property=\"og:image\" content=\"https:\/\/beauxvillages.be\/wp-content\/uploads\/2024\/07\/cover-site-web.png\" \/>\n\t<meta property=\"og:image:width\" content=\"591\" \/>\n\t<meta property=\"og:image:height\" content=\"591\" \/>\n\t<meta property=\"og:image:type\" content=\"image\/png\" \/>\n<meta name=\"twitter:card\" content=\"summary_large_image\" \/>\n<meta name=\"twitter:label1\" content=\"Est. reading time\" \/>\n\t<meta name=\"twitter:data1\" content=\"2 minutes\" \/>\n<script type=\"application\/ld+json\" class=\"yoast-schema-graph\">{\"@context\":\"https:\\\/\\\/schema.org\",\"@graph\":[{\"@type\":\"WebPage\",\"@id\":\"https:\\\/\\\/beauxvillages.be\\\/produit\\\/cycloguide_pbvw\\\/\",\"url\":\"https:\\\/\\\/beauxvillages.be\\\/produit\\\/cycloguide_pbvw\\\/\",\"name\":\"\\\"Les Plus Beaux Villages de Wallonie \u00e0 v\u00e9lo\\\" FR-NL - Plus Beaux Villages de Wallonie\",\"isPartOf\":{\"@id\":\"https:\\\/\\\/beauxvillages.be\\\/#website\"},\"primaryImageOfPage\":{\"@id\":\"https:\\\/\\\/beauxvillages.be\\\/produit\\\/cycloguide_pbvw\\\/#primaryimage\"},\"image\":{\"@id\":\"https:\\\/\\\/beauxvillages.be\\\/produit\\\/cycloguide_pbvw\\\/#primaryimage\"},\"thumbnailUrl\":\"https:\\\/\\\/beauxvillages.be\\\/wp-content\\\/uploads\\\/2024\\\/07\\\/cover-site-web.png\",\"datePublished\":\"2024-07-26T14:19:20+00:00\",\"dateModified\":\"2026-02-17T11:14:31+00:00\",\"description\":\"Vous souhaitez pr\u00e9parer vos visites dans nos Beaux Villages ? D\u00e9couvrez toutes nos publications sous format PDF ou papier.\",\"breadcrumb\":{\"@id\":\"https:\\\/\\\/beauxvillages.be\\\/produit\\\/cycloguide_pbvw\\\/#breadcrumb\"},\"inLanguage\":\"en-US\",\"potentialAction\":[{\"@type\":\"ReadAction\",\"target\":[\"https:\\\/\\\/beauxvillages.be\\\/produit\\\/cycloguide_pbvw\\\/\"]}]},{\"@type\":\"ImageObject\",\"inLanguage\":\"en-US\",\"@id\":\"https:\\\/\\\/beauxvillages.be\\\/produit\\\/cycloguide_pbvw\\\/#primaryimage\",\"url\":\"https:\\\/\\\/beauxvillages.be\\\/wp-content\\\/uploads\\\/2024\\\/07\\\/cover-site-web.png\",\"contentUrl\":\"https:\\\/\\\/beauxvillages.be\\\/wp-content\\\/uploads\\\/2024\\\/07\\\/cover-site-web.png\",\"width\":591,\"height\":591},{\"@type\":\"BreadcrumbList\",\"@id\":\"https:\\\/\\\/beauxvillages.be\\\/produit\\\/cycloguide_pbvw\\\/#breadcrumb\",\"itemListElement\":[{\"@type\":\"ListItem\",\"position\":1,\"name\":\"Accueil\",\"item\":\"https:\\\/\\\/beauxvillages.be\\\/\"},{\"@type\":\"ListItem\",\"position\":2,\"name\":\"Shop\",\"item\":\"https:\\\/\\\/beauxvillages.be\\\/en\\\/shop\\\/\"},{\"@type\":\"ListItem\",\"position\":3,\"name\":\"\u00ab\u00a0Les Plus Beaux Villages de Wallonie \u00e0 v\u00e9lo\u00a0\u00bb FR-NL\"}]},{\"@type\":\"WebSite\",\"@id\":\"https:\\\/\\\/beauxvillages.be\\\/#website\",\"url\":\"https:\\\/\\\/beauxvillages.be\\\/\",\"name\":\"Plus Beaux Villages de Wallonie\",\"description\":\"Un site utilisant WordPress\",\"potentialAction\":[{\"@type\":\"SearchAction\",\"target\":{\"@type\":\"EntryPoint\",\"urlTemplate\":\"https:\\\/\\\/beauxvillages.be\\\/?s={search_term_string}\"},\"query-input\":{\"@type\":\"PropertyValueSpecification\",\"valueRequired\":true,\"valueName\":\"search_term_string\"}}],\"inLanguage\":\"en-US\"}]}<\/script>\n<!-- \/ Yoast SEO plugin. -->","yoast_head_json":{"title":"\"Les Plus Beaux Villages de Wallonie \u00e0 v\u00e9lo\" FR-NL - Plus Beaux Villages de Wallonie","description":"Vous souhaitez pr\u00e9parer vos visites dans nos Beaux Villages ? D\u00e9couvrez toutes nos publications sous format PDF ou papier.","robots":{"index":"index","follow":"follow","max-snippet":"max-snippet:-1","max-image-preview":"max-image-preview:large","max-video-preview":"max-video-preview:-1"},"canonical":"https:\/\/beauxvillages.be\/produit\/cycloguide_pbvw\/","og_locale":"en_US","og_type":"article","og_title":"\"Les Plus Beaux Villages de Wallonie \u00e0 v\u00e9lo\" FR-NL - Plus Beaux Villages de Wallonie","og_description":"Vous souhaitez pr\u00e9parer vos visites dans nos Beaux Villages ? D\u00e9couvrez toutes nos publications sous format PDF ou papier.","og_url":"https:\/\/beauxvillages.be\/produit\/cycloguide_pbvw\/","og_site_name":"Plus Beaux Villages de Wallonie","article_modified_time":"2026-02-17T11:14:31+00:00","og_image":[{"width":591,"height":591,"url":"https:\/\/beauxvillages.be\/wp-content\/uploads\/2024\/07\/cover-site-web.png","type":"image\/png"}],"twitter_card":"summary_large_image","twitter_misc":{"Est. reading time":"2 minutes"},"schema":{"@context":"https:\/\/schema.org","@graph":[{"@type":"WebPage","@id":"https:\/\/beauxvillages.be\/produit\/cycloguide_pbvw\/","url":"https:\/\/beauxvillages.be\/produit\/cycloguide_pbvw\/","name":"\"Les Plus Beaux Villages de Wallonie \u00e0 v\u00e9lo\" FR-NL - Plus Beaux Villages de Wallonie","isPartOf":{"@id":"https:\/\/beauxvillages.be\/#website"},"primaryImageOfPage":{"@id":"https:\/\/beauxvillages.be\/produit\/cycloguide_pbvw\/#primaryimage"},"image":{"@id":"https:\/\/beauxvillages.be\/produit\/cycloguide_pbvw\/#primaryimage"},"thumbnailUrl":"https:\/\/beauxvillages.be\/wp-content\/uploads\/2024\/07\/cover-site-web.png","datePublished":"2024-07-26T14:19:20+00:00","dateModified":"2026-02-17T11:14:31+00:00","description":"Vous souhaitez pr\u00e9parer vos visites dans nos Beaux Villages ? D\u00e9couvrez toutes nos publications sous format PDF ou papier.","breadcrumb":{"@id":"https:\/\/beauxvillages.be\/produit\/cycloguide_pbvw\/#breadcrumb"},"inLanguage":"en-US","potentialAction":[{"@type":"ReadAction","target":["https:\/\/beauxvillages.be\/produit\/cycloguide_pbvw\/"]}]},{"@type":"ImageObject","inLanguage":"en-US","@id":"https:\/\/beauxvillages.be\/produit\/cycloguide_pbvw\/#primaryimage","url":"https:\/\/beauxvillages.be\/wp-content\/uploads\/2024\/07\/cover-site-web.png","contentUrl":"https:\/\/beauxvillages.be\/wp-content\/uploads\/2024\/07\/cover-site-web.png","width":591,"height":591},{"@type":"BreadcrumbList","@id":"https:\/\/beauxvillages.be\/produit\/cycloguide_pbvw\/#breadcrumb","itemListElement":[{"@type":"ListItem","position":1,"name":"Accueil","item":"https:\/\/beauxvillages.be\/"},{"@type":"ListItem","position":2,"name":"Shop","item":"https:\/\/beauxvillages.be\/en\/shop\/"},{"@type":"ListItem","position":3,"name":"\u00ab\u00a0Les Plus Beaux Villages de Wallonie \u00e0 v\u00e9lo\u00a0\u00bb FR-NL"}]},{"@type":"WebSite","@id":"https:\/\/beauxvillages.be\/#website","url":"https:\/\/beauxvillages.be\/","name":"Plus Beaux Villages de Wallonie","description":"Un site utilisant WordPress","potentialAction":[{"@type":"SearchAction","target":{"@type":"EntryPoint","urlTemplate":"https:\/\/beauxvillages.be\/?s={search_term_string}"},"query-input":{"@type":"PropertyValueSpecification","valueRequired":true,"valueName":"search_term_string"}}],"inLanguage":"en-US"}]}},"_links":{"self":[{"href":"https:\/\/beauxvillages.be\/en\/wp-json\/wp\/v2\/product\/21632","targetHints":{"allow":["GET"]}}],"collection":[{"href":"https:\/\/beauxvillages.be\/en\/wp-json\/wp\/v2\/product"}],"about":[{"href":"https:\/\/beauxvillages.be\/en\/wp-json\/wp\/v2\/types\/product"}],"wp:featuredmedia":[{"embeddable":true,"href":"https:\/\/beauxvillages.be\/en\/wp-json\/wp\/v2\/media\/21795"}],"wp:attachment":[{"href":"https:\/\/beauxvillages.be\/en\/wp-json\/wp\/v2\/media?parent=21632"}],"wp:term":[{"taxonomy":"product_brand","embeddable":true,"href":"https:\/\/beauxvillages.be\/en\/wp-json\/wp\/v2\/product_brand?post=21632"},{"taxonomy":"product_cat","embeddable":true,"href":"https:\/\/beauxvillages.be\/en\/wp-json\/wp\/v2\/product_cat?post=21632"},{"taxonomy":"product_tag","embeddable":true,"href":"https:\/\/beauxvillages.be\/en\/wp-json\/wp\/v2\/product_tag?post=21632"}],"curies":[{"name":"wp","href":"https:\/\/api.w.org\/{rel}","templated":true}]}}