{"id":19905,"date":"2023-11-24T15:08:15","date_gmt":"2023-11-24T14:08:15","guid":{"rendered":"https:\/\/beauxvillages.be\/?post_type=product&#038;p=19905"},"modified":"2026-03-10T15:29:54","modified_gmt":"2026-03-10T14:29:54","slug":"topo-guide","status":"publish","type":"product","link":"https:\/\/beauxvillages.be\/en\/produit\/topo-guide\/","title":{"rendered":"Topo-Guide SGR &#8211; Tome III &#8211; De M\u00e9lin \u00e0 Namur &#8211; FR"},"content":{"rendered":"<p>Fruit d\u2019une collaboration les <em>Plus Beaux Villages de Wallonie<\/em>\u00a0asbl et les <em>Sentiers de Grande Randonn\u00e9e<\/em> asbl, \u00ab<strong>Le <\/strong><strong>Grand Tour des Plus Beaux Villages de Wallonie par\u00a0les<\/strong> <strong>GR<\/strong>\u00bb vous propose une trilogie in\u00e9dite de <strong>3 topo-guides de randonn\u00e9e p\u00e9destre<\/strong>, vous d\u00e9roulant un tapis rouge long de <strong>plus de 1500 km<\/strong> de randonn\u00e9es balis\u00e9es sGR !<\/p>\n<p>&nbsp;<\/p>\n<p><strong>Direction nos 33 Plus Beaux Villages de caract\u00e8re<\/strong> mais aussi les tr\u00e9sors cach\u00e9s de la Wallonie ! Une Wallonie rurale, intime, authentique &#8230; pour une \u00e9vasion \u00e0 port\u00e9e de main &#8230;<\/p>\n<p>Chaque topo-guide reprend les cartes, le descriptif de chaque \u00e9tape, les points d&#8217;int\u00e9r\u00eat dans les Plus Beaux villages ainsi que tout au long du parcours.<\/p>\n<p>Organisez votre exp\u00e9rience \u00e0 votre rythme, par tron\u00e7ons, et, pourquoi pas, de gare en gare (comme le propose un tableau en fin de chaque tome) &#8230;<\/p>\n<p>&nbsp;<\/p>\n<p><img loading=\"lazy\" decoding=\"async\" class=\"alignleft\" src=\"https:\/\/beauxvillages.be\/wp-content\/uploads\/2023\/11\/coffret_boutique-TOME_III.jpg\" width=\"432\" height=\"432\" \/><\/p>\n<p>&nbsp;<\/p>\n<p><strong>3 TOMES A LA DECOUVERTE DE NOS PLUS BEAUX VILLAGES<\/strong><\/p>\n<p>&nbsp;<\/p>\n<p>La Wallonie b\u00e9n\u00e9fice d\u2019une grande diversit\u00e9 paysag\u00e8re et les 8 r\u00e9gions agro\u2013g\u00e9ographiques qui la composent d\u00e9montrent toute la vari\u00e9t\u00e9 de nos terroirs, de nos paysages et des \u00e9crins naturels dans lesquels prennent place les <em>Plus Beaux Villages de Wallonie<\/em>.<\/p>\n<p>&nbsp;<\/p>\n<p><strong>Le Tome 3 de ce Grand Tour d\u00e9marre \u00e0 M\u00e9lin et vous m\u00e8nera jusqu\u2019\u00e0 la ville de Namur.<\/strong><\/p>\n<p><strong>Vous sillonnerez la Hesbaye, les Plateaux limoneux braban\u00e7on et hennuyer, la Fagne-Famenne et le Condroz.<\/strong><\/p>\n<p>&nbsp;<\/p>\n<p>Ce tome reprend les Beaux Villages de : <strong>M\u00e9lin \u2013 Aubechies \u2013 Montignies-sur-Roc \u2013 Ragnies \u2013 Barben\u00e7on \u2013 Lompret \u2013 Vierves-sur-Viroin \u2013 Soulme \u2013 Fala\u00ebn \u2013 Sosoye.<\/strong><\/p>\n<p>&nbsp;<\/p>\n<p>&nbsp;<\/p>\n<p><img loading=\"lazy\" decoding=\"async\" class=\"aligncenter\" src=\"https:\/\/beauxvillages.be\/wp-content\/uploads\/2023\/11\/visu_topo-guide-002.jpg\" width=\"699\" height=\"699\" \/><\/p>\n<p>&nbsp;<\/p>\n<p><img loading=\"lazy\" decoding=\"async\" class=\"aligncenter\" src=\"https:\/\/beauxvillages.be\/wp-content\/uploads\/2024\/07\/Carte_debut_print-scaled.jpg\" width=\"698\" height=\"580\" \/><\/p>\n<p>En compl\u00e9ment de ce superbe ouvrage, les traces GPX sont disponibles ICI<\/p>\n","protected":false},"excerpt":{"rendered":"<p>Fruit d\u2019une collaboration les Plus Beaux Villages de Wallonie\u00a0asbl et les Sentiers de Grande Randonn\u00e9e asbl, \u00abLe Grand Tour des Plus Beaux Villages de Wallonie par\u00a0les GR\u00bb vous propose une trilogie in\u00e9dite de 3 topo-guides de randonn\u00e9e p\u00e9destre, vous d\u00e9roulant un tapis rouge long de plus de 1500 km de randonn\u00e9es balis\u00e9es sGR ! &nbsp; [&hellip;]<\/p>\n","protected":false},"featured_media":19918,"template":"","meta":{"_acf_changed":false},"product_brand":[],"product_cat":[256],"product_tag":[],"class_list":{"0":"post-19905","1":"product","2":"type-product","3":"status-publish","4":"has-post-thumbnail","6":"product_cat-circuits-randos-velo","8":"first","9":"instock","10":"sale","11":"purchasable","12":"product-type-simple"},"acf":[],"yoast_head":"<!-- This site is optimized with the Yoast SEO plugin v27.4 - https:\/\/yoast.com\/product\/yoast-seo-wordpress\/ -->\n<title>Topo-Guide SGR - Tome III - De M\u00e9lin \u00e0 Namur - FR - Plus Beaux Villages de Wallonie<\/title>\n<meta name=\"description\" content=\"Commandez vos topo-guides &quot;Le Grand Tour des Plus Beaux Villages de Wallonie par les Sentiers de Grande Randonn\u00e9e&quot;\" \/>\n<meta name=\"robots\" content=\"index, follow, max-snippet:-1, max-image-preview:large, max-video-preview:-1\" \/>\n<link rel=\"canonical\" href=\"https:\/\/beauxvillages.be\/produit\/topo-guide\/\" \/>\n<meta property=\"og:locale\" content=\"en_US\" \/>\n<meta property=\"og:type\" content=\"article\" \/>\n<meta property=\"og:title\" content=\"Topo-Guide SGR - Tome III - De M\u00e9lin \u00e0 Namur - FR - Plus Beaux Villages de Wallonie\" \/>\n<meta property=\"og:description\" content=\"Commandez vos topo-guides &quot;Le Grand Tour des Plus Beaux Villages de Wallonie par les Sentiers de Grande Randonn\u00e9e&quot;\" \/>\n<meta property=\"og:url\" content=\"https:\/\/beauxvillages.be\/produit\/topo-guide\/\" \/>\n<meta property=\"og:site_name\" content=\"Plus Beaux Villages de Wallonie\" \/>\n<meta property=\"article:modified_time\" content=\"2026-03-10T14:29:54+00:00\" \/>\n<meta property=\"og:image\" content=\"https:\/\/beauxvillages.be\/wp-content\/uploads\/2023\/11\/coffret_boutique-TOME_III.jpg\" \/>\n\t<meta property=\"og:image:width\" content=\"591\" \/>\n\t<meta property=\"og:image:height\" content=\"591\" \/>\n\t<meta property=\"og:image:type\" content=\"image\/jpeg\" \/>\n<meta name=\"twitter:card\" content=\"summary_large_image\" \/>\n<meta name=\"twitter:label1\" content=\"Est. reading time\" \/>\n\t<meta name=\"twitter:data1\" content=\"3 minutes\" \/>\n<script type=\"application\/ld+json\" class=\"yoast-schema-graph\">{\"@context\":\"https:\\\/\\\/schema.org\",\"@graph\":[{\"@type\":\"WebPage\",\"@id\":\"https:\\\/\\\/beauxvillages.be\\\/produit\\\/topo-guide\\\/\",\"url\":\"https:\\\/\\\/beauxvillages.be\\\/produit\\\/topo-guide\\\/\",\"name\":\"Topo-Guide SGR - Tome III - De M\u00e9lin \u00e0 Namur - FR - Plus Beaux Villages de Wallonie\",\"isPartOf\":{\"@id\":\"https:\\\/\\\/beauxvillages.be\\\/#website\"},\"primaryImageOfPage\":{\"@id\":\"https:\\\/\\\/beauxvillages.be\\\/produit\\\/topo-guide\\\/#primaryimage\"},\"image\":{\"@id\":\"https:\\\/\\\/beauxvillages.be\\\/produit\\\/topo-guide\\\/#primaryimage\"},\"thumbnailUrl\":\"https:\\\/\\\/beauxvillages.be\\\/wp-content\\\/uploads\\\/2023\\\/11\\\/coffret_boutique-TOME_III.jpg\",\"datePublished\":\"2023-11-24T14:08:15+00:00\",\"dateModified\":\"2026-03-10T14:29:54+00:00\",\"description\":\"Commandez vos topo-guides \\\"Le Grand Tour des Plus Beaux Villages de Wallonie par les Sentiers de Grande Randonn\u00e9e\\\"\",\"breadcrumb\":{\"@id\":\"https:\\\/\\\/beauxvillages.be\\\/produit\\\/topo-guide\\\/#breadcrumb\"},\"inLanguage\":\"en-US\",\"potentialAction\":[{\"@type\":\"ReadAction\",\"target\":[\"https:\\\/\\\/beauxvillages.be\\\/produit\\\/topo-guide\\\/\"]}]},{\"@type\":\"ImageObject\",\"inLanguage\":\"en-US\",\"@id\":\"https:\\\/\\\/beauxvillages.be\\\/produit\\\/topo-guide\\\/#primaryimage\",\"url\":\"https:\\\/\\\/beauxvillages.be\\\/wp-content\\\/uploads\\\/2023\\\/11\\\/coffret_boutique-TOME_III.jpg\",\"contentUrl\":\"https:\\\/\\\/beauxvillages.be\\\/wp-content\\\/uploads\\\/2023\\\/11\\\/coffret_boutique-TOME_III.jpg\",\"width\":591,\"height\":591},{\"@type\":\"BreadcrumbList\",\"@id\":\"https:\\\/\\\/beauxvillages.be\\\/produit\\\/topo-guide\\\/#breadcrumb\",\"itemListElement\":[{\"@type\":\"ListItem\",\"position\":1,\"name\":\"Accueil\",\"item\":\"https:\\\/\\\/beauxvillages.be\\\/\"},{\"@type\":\"ListItem\",\"position\":2,\"name\":\"Shop\",\"item\":\"https:\\\/\\\/beauxvillages.be\\\/en\\\/shop\\\/\"},{\"@type\":\"ListItem\",\"position\":3,\"name\":\"Topo-Guide SGR &#8211; Tome III &#8211; De M\u00e9lin \u00e0 Namur &#8211; FR\"}]},{\"@type\":\"WebSite\",\"@id\":\"https:\\\/\\\/beauxvillages.be\\\/#website\",\"url\":\"https:\\\/\\\/beauxvillages.be\\\/\",\"name\":\"Plus Beaux Villages de Wallonie\",\"description\":\"Un site utilisant WordPress\",\"potentialAction\":[{\"@type\":\"SearchAction\",\"target\":{\"@type\":\"EntryPoint\",\"urlTemplate\":\"https:\\\/\\\/beauxvillages.be\\\/?s={search_term_string}\"},\"query-input\":{\"@type\":\"PropertyValueSpecification\",\"valueRequired\":true,\"valueName\":\"search_term_string\"}}],\"inLanguage\":\"en-US\"}]}<\/script>\n<!-- \/ Yoast SEO plugin. -->","yoast_head_json":{"title":"Topo-Guide SGR - Tome III - De M\u00e9lin \u00e0 Namur - FR - Plus Beaux Villages de Wallonie","description":"Commandez vos topo-guides \"Le Grand Tour des Plus Beaux Villages de Wallonie par les Sentiers de Grande Randonn\u00e9e\"","robots":{"index":"index","follow":"follow","max-snippet":"max-snippet:-1","max-image-preview":"max-image-preview:large","max-video-preview":"max-video-preview:-1"},"canonical":"https:\/\/beauxvillages.be\/produit\/topo-guide\/","og_locale":"en_US","og_type":"article","og_title":"Topo-Guide SGR - Tome III - De M\u00e9lin \u00e0 Namur - FR - Plus Beaux Villages de Wallonie","og_description":"Commandez vos topo-guides \"Le Grand Tour des Plus Beaux Villages de Wallonie par les Sentiers de Grande Randonn\u00e9e\"","og_url":"https:\/\/beauxvillages.be\/produit\/topo-guide\/","og_site_name":"Plus Beaux Villages de Wallonie","article_modified_time":"2026-03-10T14:29:54+00:00","og_image":[{"width":591,"height":591,"url":"https:\/\/beauxvillages.be\/wp-content\/uploads\/2023\/11\/coffret_boutique-TOME_III.jpg","type":"image\/jpeg"}],"twitter_card":"summary_large_image","twitter_misc":{"Est. reading time":"3 minutes"},"schema":{"@context":"https:\/\/schema.org","@graph":[{"@type":"WebPage","@id":"https:\/\/beauxvillages.be\/produit\/topo-guide\/","url":"https:\/\/beauxvillages.be\/produit\/topo-guide\/","name":"Topo-Guide SGR - Tome III - De M\u00e9lin \u00e0 Namur - FR - Plus Beaux Villages de Wallonie","isPartOf":{"@id":"https:\/\/beauxvillages.be\/#website"},"primaryImageOfPage":{"@id":"https:\/\/beauxvillages.be\/produit\/topo-guide\/#primaryimage"},"image":{"@id":"https:\/\/beauxvillages.be\/produit\/topo-guide\/#primaryimage"},"thumbnailUrl":"https:\/\/beauxvillages.be\/wp-content\/uploads\/2023\/11\/coffret_boutique-TOME_III.jpg","datePublished":"2023-11-24T14:08:15+00:00","dateModified":"2026-03-10T14:29:54+00:00","description":"Commandez vos topo-guides \"Le Grand Tour des Plus Beaux Villages de Wallonie par les Sentiers de Grande Randonn\u00e9e\"","breadcrumb":{"@id":"https:\/\/beauxvillages.be\/produit\/topo-guide\/#breadcrumb"},"inLanguage":"en-US","potentialAction":[{"@type":"ReadAction","target":["https:\/\/beauxvillages.be\/produit\/topo-guide\/"]}]},{"@type":"ImageObject","inLanguage":"en-US","@id":"https:\/\/beauxvillages.be\/produit\/topo-guide\/#primaryimage","url":"https:\/\/beauxvillages.be\/wp-content\/uploads\/2023\/11\/coffret_boutique-TOME_III.jpg","contentUrl":"https:\/\/beauxvillages.be\/wp-content\/uploads\/2023\/11\/coffret_boutique-TOME_III.jpg","width":591,"height":591},{"@type":"BreadcrumbList","@id":"https:\/\/beauxvillages.be\/produit\/topo-guide\/#breadcrumb","itemListElement":[{"@type":"ListItem","position":1,"name":"Accueil","item":"https:\/\/beauxvillages.be\/"},{"@type":"ListItem","position":2,"name":"Shop","item":"https:\/\/beauxvillages.be\/en\/shop\/"},{"@type":"ListItem","position":3,"name":"Topo-Guide SGR &#8211; Tome III &#8211; De M\u00e9lin \u00e0 Namur &#8211; FR"}]},{"@type":"WebSite","@id":"https:\/\/beauxvillages.be\/#website","url":"https:\/\/beauxvillages.be\/","name":"Plus Beaux Villages de Wallonie","description":"Un site utilisant WordPress","potentialAction":[{"@type":"SearchAction","target":{"@type":"EntryPoint","urlTemplate":"https:\/\/beauxvillages.be\/?s={search_term_string}"},"query-input":{"@type":"PropertyValueSpecification","valueRequired":true,"valueName":"search_term_string"}}],"inLanguage":"en-US"}]}},"_links":{"self":[{"href":"https:\/\/beauxvillages.be\/en\/wp-json\/wp\/v2\/product\/19905","targetHints":{"allow":["GET"]}}],"collection":[{"href":"https:\/\/beauxvillages.be\/en\/wp-json\/wp\/v2\/product"}],"about":[{"href":"https:\/\/beauxvillages.be\/en\/wp-json\/wp\/v2\/types\/product"}],"wp:featuredmedia":[{"embeddable":true,"href":"https:\/\/beauxvillages.be\/en\/wp-json\/wp\/v2\/media\/19918"}],"wp:attachment":[{"href":"https:\/\/beauxvillages.be\/en\/wp-json\/wp\/v2\/media?parent=19905"}],"wp:term":[{"taxonomy":"product_brand","embeddable":true,"href":"https:\/\/beauxvillages.be\/en\/wp-json\/wp\/v2\/product_brand?post=19905"},{"taxonomy":"product_cat","embeddable":true,"href":"https:\/\/beauxvillages.be\/en\/wp-json\/wp\/v2\/product_cat?post=19905"},{"taxonomy":"product_tag","embeddable":true,"href":"https:\/\/beauxvillages.be\/en\/wp-json\/wp\/v2\/product_tag?post=19905"}],"curies":[{"name":"wp","href":"https:\/\/api.w.org\/{rel}","templated":true}]}}