{"id":15910,"date":"2025-10-12T13:41:48","date_gmt":"2025-10-12T11:41:48","guid":{"rendered":"https:\/\/beauxvillages.be\/?post_type=product&#038;p=15910"},"modified":"2026-02-17T12:15:22","modified_gmt":"2026-02-17T11:15:22","slug":"don","status":"publish","type":"product","link":"https:\/\/beauxvillages.be\/en\/produit\/don\/","title":{"rendered":"Soutenez-nous"},"content":{"rendered":"","protected":false},"excerpt":{"rendered":"<p>Forte de ses ambitions au service de <strong>la pr\u00e9servation du patrimoine, des paysages<\/strong> et de <strong>l\u2019identit\u00e9 rurale<\/strong>, mais \u00e9galement du <strong>d\u00e9veloppement d\u2019un tourisme local et responsable<\/strong>, l\u2019association <em>Les Plus Beaux Villages de Wallonie<\/em> constitue aujourd\u2019hui un <strong>maillage patrimonial et touristique essentiel<\/strong> en Wallonie.<\/p>\n<p>&nbsp;<\/p>\n<p><a href=\"https:\/\/beauxvillages.be\/wp-content\/uploads\/2025\/11\/Plaquette_Mecenat_A4_Ent_Part_print_2025_WEB.pdf\" target=\"_blank\" rel=\"noopener\"><img loading=\"lazy\" decoding=\"async\" class=\"aligncenter wp-image-24963 size-medium\" src=\"https:\/\/beauxvillages.be\/wp-content\/uploads\/2025\/11\/soutien_action_2025-300x300.jpg\" alt=\"\" width=\"300\" height=\"300\" srcset=\"https:\/\/beauxvillages.be\/wp-content\/uploads\/2025\/11\/soutien_action_2025-300x300.jpg 300w, https:\/\/beauxvillages.be\/wp-content\/uploads\/2025\/11\/soutien_action_2025-1024x1024.jpg 1024w, https:\/\/beauxvillages.be\/wp-content\/uploads\/2025\/11\/soutien_action_2025-150x150.jpg 150w, https:\/\/beauxvillages.be\/wp-content\/uploads\/2025\/11\/soutien_action_2025-768x768.jpg 768w, https:\/\/beauxvillages.be\/wp-content\/uploads\/2025\/11\/soutien_action_2025-1536x1536.jpg 1536w, https:\/\/beauxvillages.be\/wp-content\/uploads\/2025\/11\/soutien_action_2025-2048x2048.jpg 2048w, https:\/\/beauxvillages.be\/wp-content\/uploads\/2025\/11\/soutien_action_2025-200x200.jpg 200w, https:\/\/beauxvillages.be\/wp-content\/uploads\/2025\/11\/soutien_action_2025-400x400.jpg 400w\" sizes=\"auto, (max-width: 300px) 100vw, 300px\" \/><\/a><\/p>\n<p>&nbsp;<\/p>\n<p>&nbsp;<\/p>\n<p>&nbsp;<\/p>\n<p>Afin de <strong>p\u00e9renniser nos actions<\/strong> et d\u2019en <strong>assurer le rayonnement<\/strong>, votre soutien nous est pr\u00e9cieux.<\/p>\n<p>&nbsp;<\/p>\n<ul>\n<li>\n<h3><strong><em>Vous \u00eates une entreprise\u00a0?<\/em><\/strong><\/h3>\n<\/li>\n<\/ul>\n<p>Nous nous permettons d\u00e8s lors de solliciter votre appui financier.<br \/>\nMention de communication : <strong>\u00ab Soutien aux actions PBVW \u00bb.<\/strong><\/p>\n<p>Cette participation pourra, \u00e0 votre demande, faire l\u2019objet d\u2019une d\u00e9claration de cr\u00e9ance.<\/p>\n<ul>\n<li>\n<h3><strong><em>Vous \u00eates un particulier\u00a0?<\/em><\/strong><\/h3>\n<\/li>\n<\/ul>\n<p>Pour tout <strong>don \u00e9gal ou sup\u00e9rieur \u00e0 40,00\u20ac<\/strong>, vers\u00e9 avant le 31\/12\/2025, vous pouvez b\u00e9n\u00e9ficier d\u2019une <strong>r\u00e9duction fiscale<\/strong> de 45% (ou 30% en fonction des d\u00e9cisions du Gouvernement F\u00e9d\u00e9ral) du montant vers\u00e9, repris sur l\u2019attestation que vous recevrez.<\/p>\n<p>Mention de communication\u00a0:<br \/>\n<strong>\u00ab Don + votre num\u00e9ro national \u00bb<\/strong><\/p>\n<p>Votre participation peut \u00eatre vers\u00e9e sur le compte ING de l\u2019asbl :<\/p>\n<h2><strong>BE46 3601 0762 4536 \u2014 BIC BBRUBEBB<\/strong><\/h2>\n<p>&nbsp;<\/p>\n<p>Afin d\u2019en poursuivre le bon d\u00e9veloppement,<strong> soutenez-nous <\/strong><strong>dans nos actions <\/strong>\u00a0de pr\u00e9servation et de valorisation du patrimoine rural, des paysages et de l\u2019environnement ainsi que dans les activit\u00e9s que notre asbl met en place au sein des villages du r\u00e9seau \u00ab\u00a0Les Plus Beaux Villages de Wallonie\u00a0\u00bb.<\/p>\n","protected":false},"featured_media":24963,"template":"","meta":{"_acf_changed":false},"product_brand":[],"product_cat":[62,256,257],"product_tag":[],"class_list":{"0":"post-15910","1":"product","2":"type-product","3":"status-publish","4":"has-post-thumbnail","6":"product_cat-brochures","7":"product_cat-circuits-randos-velo","8":"product_cat-circuits-voiture","10":"first","11":"instock","12":"taxable","13":"shipping-taxable","14":"product-type-simple"},"acf":[],"yoast_head":"<!-- This site is optimized with the Yoast SEO plugin v27.4 - https:\/\/yoast.com\/product\/yoast-seo-wordpress\/ -->\n<title>Soutenez-nous<\/title>\n<meta name=\"description\" content=\"Soutenez-nous dans nos actions de pr\u00e9servation et de valorisation du patrimoine rural ainsi que dans les activit\u00e9s que notre asbl met en place au sein des villages du r\u00e9seau.\u00a0\" \/>\n<meta name=\"robots\" content=\"index, follow, max-snippet:-1, max-image-preview:large, max-video-preview:-1\" \/>\n<link rel=\"canonical\" href=\"https:\/\/beauxvillages.be\/produit\/don\/\" \/>\n<meta property=\"og:locale\" content=\"en_US\" \/>\n<meta property=\"og:type\" content=\"article\" \/>\n<meta property=\"og:title\" content=\"Soutenez-nous\" \/>\n<meta property=\"og:description\" content=\"Soutenez-nous dans nos actions de pr\u00e9servation et de valorisation du patrimoine rural ainsi que dans les activit\u00e9s que notre asbl met en place au sein des villages du r\u00e9seau.\u00a0\" \/>\n<meta property=\"og:url\" content=\"https:\/\/beauxvillages.be\/produit\/don\/\" \/>\n<meta property=\"og:site_name\" content=\"Plus Beaux Villages de Wallonie\" \/>\n<meta property=\"article:modified_time\" content=\"2026-02-17T11:15:22+00:00\" \/>\n<meta property=\"og:image\" content=\"https:\/\/beauxvillages.be\/wp-content\/uploads\/2025\/11\/soutien_action_2025-1024x1024.jpg\" \/>\n\t<meta property=\"og:image:width\" content=\"1024\" \/>\n\t<meta property=\"og:image:height\" content=\"1024\" \/>\n\t<meta property=\"og:image:type\" content=\"image\/jpeg\" \/>\n<meta name=\"twitter:card\" content=\"summary_large_image\" \/>\n<meta name=\"twitter:label1\" content=\"Est. reading time\" \/>\n\t<meta name=\"twitter:data1\" content=\"1 minute\" \/>\n<script type=\"application\/ld+json\" class=\"yoast-schema-graph\">{\"@context\":\"https:\\\/\\\/schema.org\",\"@graph\":[{\"@type\":\"WebPage\",\"@id\":\"https:\\\/\\\/beauxvillages.be\\\/produit\\\/don\\\/\",\"url\":\"https:\\\/\\\/beauxvillages.be\\\/produit\\\/don\\\/\",\"name\":\"Soutenez-nous\",\"isPartOf\":{\"@id\":\"https:\\\/\\\/beauxvillages.be\\\/#website\"},\"primaryImageOfPage\":{\"@id\":\"https:\\\/\\\/beauxvillages.be\\\/produit\\\/don\\\/#primaryimage\"},\"image\":{\"@id\":\"https:\\\/\\\/beauxvillages.be\\\/produit\\\/don\\\/#primaryimage\"},\"thumbnailUrl\":\"https:\\\/\\\/beauxvillages.be\\\/wp-content\\\/uploads\\\/2025\\\/11\\\/soutien_action_2025.jpg\",\"datePublished\":\"2025-10-12T11:41:48+00:00\",\"dateModified\":\"2026-02-17T11:15:22+00:00\",\"description\":\"Soutenez-nous dans nos actions de pr\u00e9servation et de valorisation du patrimoine rural ainsi que dans les activit\u00e9s que notre asbl met en place au sein des villages du r\u00e9seau.\u00a0\",\"breadcrumb\":{\"@id\":\"https:\\\/\\\/beauxvillages.be\\\/produit\\\/don\\\/#breadcrumb\"},\"inLanguage\":\"en-US\",\"potentialAction\":[{\"@type\":\"ReadAction\",\"target\":[\"https:\\\/\\\/beauxvillages.be\\\/produit\\\/don\\\/\"]}]},{\"@type\":\"ImageObject\",\"inLanguage\":\"en-US\",\"@id\":\"https:\\\/\\\/beauxvillages.be\\\/produit\\\/don\\\/#primaryimage\",\"url\":\"https:\\\/\\\/beauxvillages.be\\\/wp-content\\\/uploads\\\/2025\\\/11\\\/soutien_action_2025.jpg\",\"contentUrl\":\"https:\\\/\\\/beauxvillages.be\\\/wp-content\\\/uploads\\\/2025\\\/11\\\/soutien_action_2025.jpg\",\"width\":2480,\"height\":2481},{\"@type\":\"BreadcrumbList\",\"@id\":\"https:\\\/\\\/beauxvillages.be\\\/produit\\\/don\\\/#breadcrumb\",\"itemListElement\":[{\"@type\":\"ListItem\",\"position\":1,\"name\":\"Accueil\",\"item\":\"https:\\\/\\\/beauxvillages.be\\\/\"},{\"@type\":\"ListItem\",\"position\":2,\"name\":\"Shop\",\"item\":\"https:\\\/\\\/beauxvillages.be\\\/en\\\/shop\\\/\"},{\"@type\":\"ListItem\",\"position\":3,\"name\":\"Soutenez-nous\"}]},{\"@type\":\"WebSite\",\"@id\":\"https:\\\/\\\/beauxvillages.be\\\/#website\",\"url\":\"https:\\\/\\\/beauxvillages.be\\\/\",\"name\":\"Plus Beaux Villages de Wallonie\",\"description\":\"Un site utilisant WordPress\",\"potentialAction\":[{\"@type\":\"SearchAction\",\"target\":{\"@type\":\"EntryPoint\",\"urlTemplate\":\"https:\\\/\\\/beauxvillages.be\\\/?s={search_term_string}\"},\"query-input\":{\"@type\":\"PropertyValueSpecification\",\"valueRequired\":true,\"valueName\":\"search_term_string\"}}],\"inLanguage\":\"en-US\"}]}<\/script>\n<!-- \/ Yoast SEO plugin. -->","yoast_head_json":{"title":"Soutenez-nous","description":"Soutenez-nous dans nos actions de pr\u00e9servation et de valorisation du patrimoine rural ainsi que dans les activit\u00e9s que notre asbl met en place au sein des villages du r\u00e9seau.\u00a0","robots":{"index":"index","follow":"follow","max-snippet":"max-snippet:-1","max-image-preview":"max-image-preview:large","max-video-preview":"max-video-preview:-1"},"canonical":"https:\/\/beauxvillages.be\/produit\/don\/","og_locale":"en_US","og_type":"article","og_title":"Soutenez-nous","og_description":"Soutenez-nous dans nos actions de pr\u00e9servation et de valorisation du patrimoine rural ainsi que dans les activit\u00e9s que notre asbl met en place au sein des villages du r\u00e9seau.\u00a0","og_url":"https:\/\/beauxvillages.be\/produit\/don\/","og_site_name":"Plus Beaux Villages de Wallonie","article_modified_time":"2026-02-17T11:15:22+00:00","og_image":[{"width":1024,"height":1024,"url":"https:\/\/beauxvillages.be\/wp-content\/uploads\/2025\/11\/soutien_action_2025-1024x1024.jpg","type":"image\/jpeg"}],"twitter_card":"summary_large_image","twitter_misc":{"Est. reading time":"1 minute"},"schema":{"@context":"https:\/\/schema.org","@graph":[{"@type":"WebPage","@id":"https:\/\/beauxvillages.be\/produit\/don\/","url":"https:\/\/beauxvillages.be\/produit\/don\/","name":"Soutenez-nous","isPartOf":{"@id":"https:\/\/beauxvillages.be\/#website"},"primaryImageOfPage":{"@id":"https:\/\/beauxvillages.be\/produit\/don\/#primaryimage"},"image":{"@id":"https:\/\/beauxvillages.be\/produit\/don\/#primaryimage"},"thumbnailUrl":"https:\/\/beauxvillages.be\/wp-content\/uploads\/2025\/11\/soutien_action_2025.jpg","datePublished":"2025-10-12T11:41:48+00:00","dateModified":"2026-02-17T11:15:22+00:00","description":"Soutenez-nous dans nos actions de pr\u00e9servation et de valorisation du patrimoine rural ainsi que dans les activit\u00e9s que notre asbl met en place au sein des villages du r\u00e9seau.\u00a0","breadcrumb":{"@id":"https:\/\/beauxvillages.be\/produit\/don\/#breadcrumb"},"inLanguage":"en-US","potentialAction":[{"@type":"ReadAction","target":["https:\/\/beauxvillages.be\/produit\/don\/"]}]},{"@type":"ImageObject","inLanguage":"en-US","@id":"https:\/\/beauxvillages.be\/produit\/don\/#primaryimage","url":"https:\/\/beauxvillages.be\/wp-content\/uploads\/2025\/11\/soutien_action_2025.jpg","contentUrl":"https:\/\/beauxvillages.be\/wp-content\/uploads\/2025\/11\/soutien_action_2025.jpg","width":2480,"height":2481},{"@type":"BreadcrumbList","@id":"https:\/\/beauxvillages.be\/produit\/don\/#breadcrumb","itemListElement":[{"@type":"ListItem","position":1,"name":"Accueil","item":"https:\/\/beauxvillages.be\/"},{"@type":"ListItem","position":2,"name":"Shop","item":"https:\/\/beauxvillages.be\/en\/shop\/"},{"@type":"ListItem","position":3,"name":"Soutenez-nous"}]},{"@type":"WebSite","@id":"https:\/\/beauxvillages.be\/#website","url":"https:\/\/beauxvillages.be\/","name":"Plus Beaux Villages de Wallonie","description":"Un site utilisant WordPress","potentialAction":[{"@type":"SearchAction","target":{"@type":"EntryPoint","urlTemplate":"https:\/\/beauxvillages.be\/?s={search_term_string}"},"query-input":{"@type":"PropertyValueSpecification","valueRequired":true,"valueName":"search_term_string"}}],"inLanguage":"en-US"}]}},"_links":{"self":[{"href":"https:\/\/beauxvillages.be\/en\/wp-json\/wp\/v2\/product\/15910","targetHints":{"allow":["GET"]}}],"collection":[{"href":"https:\/\/beauxvillages.be\/en\/wp-json\/wp\/v2\/product"}],"about":[{"href":"https:\/\/beauxvillages.be\/en\/wp-json\/wp\/v2\/types\/product"}],"wp:featuredmedia":[{"embeddable":true,"href":"https:\/\/beauxvillages.be\/en\/wp-json\/wp\/v2\/media\/24963"}],"wp:attachment":[{"href":"https:\/\/beauxvillages.be\/en\/wp-json\/wp\/v2\/media?parent=15910"}],"wp:term":[{"taxonomy":"product_brand","embeddable":true,"href":"https:\/\/beauxvillages.be\/en\/wp-json\/wp\/v2\/product_brand?post=15910"},{"taxonomy":"product_cat","embeddable":true,"href":"https:\/\/beauxvillages.be\/en\/wp-json\/wp\/v2\/product_cat?post=15910"},{"taxonomy":"product_tag","embeddable":true,"href":"https:\/\/beauxvillages.be\/en\/wp-json\/wp\/v2\/product_tag?post=15910"}],"curies":[{"name":"wp","href":"https:\/\/api.w.org\/{rel}","templated":true}]}}